{"id":1294,"date":"2015-11-24T13:49:34","date_gmt":"2015-11-24T12:49:34","guid":{"rendered":"https:\/\/excellence-esthetique.fr\/?page_id=1294"},"modified":"2019-06-25T01:44:36","modified_gmt":"2019-06-25T00:44:36","slug":"otoplasty","status":"publish","type":"page","link":"https:\/\/excellence-esthetique.fr\/en\/otoplasty\/","title":{"rendered":"Otoplasty"},"content":{"rendered":"<p style=\"text-align: justify;\"><b>What is an otoplasty\/ear surgery?<\/b><\/p>\n<hr>\n<blockquote>\n<p style=\"text-align: justify;\"><em><strong>Otoplasty or cosmetic ear surgery is the procedure that allows\u00a0the correction of protruding ears :<\/strong><\/em><\/p>\n<\/blockquote>\n<ul>\n<li style=\"font-weight: 400;\"><span style=\"font-weight: 400;\">It can be performed in children as in adults<\/span><\/li>\n<li style=\"font-weight: 400;\"><span style=\"font-weight: 400;\">It can be performed from the age of 7 years, at this age, the ears are almost fully grown.<\/span><\/li>\n<li style=\"font-weight: 400;\"><span style=\"font-weight: 400;\">The treatment of protruding ears (otoplasty) can only be surgical.<\/span><\/li>\n<li style=\"font-weight: 400;\"><span style=\"font-weight: 400;\">The intervention aims to permanently correct protruding ears by reshaping the cartilage, in order \u201crestick\u201d ears and obtain a symmetrical and natural appearance.<\/span><\/li>\n<\/ul>\n<p><img loading=\"lazy\" class=\"aligncenter wp-image-1873 size-full\" src=\"https:\/\/excellence-esthetique.fr\/wp-content\/uploads\/image31.jpg\" alt=\"image(3)\" width=\"464\" height=\"274\" srcset=\"https:\/\/excellence-esthetique.fr\/wp-content\/uploads\/image31.jpg 464w, https:\/\/excellence-esthetique.fr\/wp-content\/uploads\/image31-245x145.jpg 245w\" sizes=\"(max-width: 464px) 100vw, 464px\"><\/p>\n<p style=\"text-align: justify;\"><b>Why have an otoplasty?<\/b><\/p>\n<hr>\n<blockquote>\n<p style=\"text-align: justify;\"><em><strong>Protruding ears are a common minor malformation,<\/strong><\/em><\/p>\n<\/blockquote>\n<ul>\n<li style=\"font-weight: 400;\"><span style=\"font-weight: 400;\"><span style=\"font-weight: 400;\">Which generally associates the absence of a well defined antihelical fold, and a valgus of the concha.<\/span><\/span><\/li>\n<li style=\"font-weight: 400;\"><span style=\"font-weight: 400;\">and separation of the flag relative to the neck<\/span><\/li>\n<li style=\"font-weight: 400;\"><span style=\"font-weight: 400;\">Uni- or bilateral, this malformation is often asymmetrical.<\/span><\/li>\n<\/ul>\n<p style=\"text-align: justify;\"><b>The consultation:\u00a0<\/b><\/p>\n<hr>\n<p style=\"text-align: justify;\">During the first consultation, your surgeon should be aware of your desires and after the examination he will inform you of the different possibilities adapted to your case.<\/p>\n<p><span style=\"font-weight: 400;\">Photographs will be made in order to follow the morphological evolution of your ears.<\/span><\/p>\n<p style=\"text-align: justify;\"><b>What happens during an otoplasty?<\/b><\/p>\n<hr>\n<ul>\n<li style=\"font-weight: 400;\"><b>Duration of the operation:<\/b><span style=\"font-weight: 400;\"> the operation lasts 30 to 60 minutes, depending whether one or both ears are treated.<\/span><\/li>\n<li style=\"font-weight: 400;\"><b>Hospitalization:<\/b><span style=\"font-weight: 400;\"> outpatient (you enter and leave the clinic the same day). Hospitalization takes place the morning of surgery while fasting.<\/span><\/li>\n<\/ul>\n<p><b>Type of anesthesia:<\/b><span style=\"font-weight: 400;\"> local potentiated (Diaz-analgesia). In children, general anesthesia may be needed if the child is too fearful. Otherwise the anesthesia could be merely local. <\/span><\/p>\n<ul>\n<li style=\"font-weight: 400;\"><span style=\"font-weight: 400;\">Some drugs favoring the bleeding should not be taken during the 10 days preceding the intervention (aspirin, anti-inflammatory, anti-coagulants,...)<\/span><\/li>\n<li style=\"font-weight: 400;\"><span style=\"font-weight: 400;\">Some drugs can be taken before surgery to reduce swelling and post-operative bruising.<\/span><\/li>\n<li style=\"font-weight: 400;\"><span style=\"font-weight: 400;\">The head and the hair should be carefully washed the day before the operation<\/span><\/li>\n<li style=\"font-weight: 400;\"><span style=\"font-weight: 400;\">For boys, a very short hair cut is desirable. (For girls, a ponytail is ok)<\/span><\/li>\n<\/ul>\n<p style=\"text-align: justify;\"><b>Following the intervention:\u00a0<\/b><\/p>\n<hr>\n<blockquote>\n<p style=\"text-align: justify;\"><strong><em>There are usually bruises and edema (swelling) of the ears that disappear in two to three weeks.<\/em><\/strong><\/p>\n<\/blockquote>\n<ul>\n<li style=\"font-weight: 400;\"><span style=\"font-weight: 400;\">The stitches are removed after 2 weeks.<\/span><\/li>\n<li style=\"font-weight: 400;\"><span style=\"font-weight: 400;\">Until the removal of the threads, a protective headband should be worn day and night; then, it is still kept for 2 weeks only at night.<\/span><\/li>\n<li style=\"font-weight: 400;\"><span style=\"font-weight: 400;\">During this period, physical and sports activities with risk of contact should be avoided.<\/span><\/li>\n<li style=\"font-weight: 400;\"><span style=\"font-weight: 400;\">Returning to work \/ courses can take place the day after surgery,<\/span><\/li>\n<li style=\"font-weight: 400;\"><span style=\"font-weight: 400;\">But a medical leave up to 15 days may be necessary, especially if the profession does not allow the wearing of the headband.<\/span><\/li>\n<li style=\"font-weight: 400;\"><span style=\"font-weight: 400;\">Exposure to cold is not recommended for at least two months in view of the risk of frostbite due to the transient decrease in the sensitivity of the ears.<\/span><\/li>\n<\/ul>\n<p style=\"text-align: justify;\"><b>The risks of an otoplasty:<\/b><\/p>\n<hr>\n<p style=\"text-align: justify;\"><span style=\"font-weight: 400;\">Otoplasty, although carried out primarily for aesthetic reasons, remains a surgery\u00a0carrying the same risks any medical procedure, however small it may be. We must distinguish the complications related to the surgery and those related to anesthesia.<\/span><\/p>\n<p><b><i>Regarding surgery:<\/i><\/b><\/p>\n<ul>\n<li style=\"font-weight: 400;\"><span style=\"font-weight: 400;\">The vast majority of interventions happen without any problems and patients are fully satisfied with their result.<\/span><\/li>\n<li style=\"font-weight: 400;\"><span style=\"font-weight: 400;\">Although rare, complications could include: slight asymmetry, small irregularities, narrowing of the orifice of the ear canal, feeling of the deep stitches.<\/span><\/li>\n<li style=\"font-weight: 400;\"><span style=\"font-weight: 400;\">These small defects, when they exist, are usually discreet and do not attract attention.<\/span><\/li>\n<li style=\"font-weight: 400;\"><span style=\"font-weight: 400;\">They remain accessible to a small \"touch\" that will be mostly under local anesthesia.<\/span><\/li>\n<li style=\"font-weight: 400;\"><span style=\"font-weight: 400;\">Hematoma or infection may occur, as after any intervention, even if they are exceptional (for antibiotics relay).<\/span><\/li>\n<li style=\"font-weight: 400;\"><span style=\"font-weight: 400;\">Skin necrosis is exceptional (because of the jeopardization of the vascularization of the thin skin of the ear)<\/span><\/li>\n<li style=\"font-weight: 400;\"><span style=\"font-weight: 400;\">The appearance of a keloid scar (raised, behind the ear). Its occurrence requires intra-incisional injection of a corticosteroid. This risk is much more common in patients with pigmented skin (especially dark skin) and those who have already had keloid scars.<\/span><\/li>\n<\/ul>\n<p style=\"text-align: justify;\"><b><i>Regarding anesthesia:<\/i><\/b><\/p>\n<ul>\n<li style=\"font-weight: 400;\"><span style=\"font-weight: 400;\">During the consultation, the anesthetist will inform the patient himself of the anesthetic risks.<\/span><\/li>\n<li style=\"font-weight: 400;\"><span style=\"font-weight: 400;\">These risks are extremely low, since it is a local anesthetic (possibly potentiated).<\/span><\/li>\n<\/ul>\n<p style=\"text-align: justify;\"><b>The scars of an otoplasty:<\/b><\/p>\n<hr>\n<blockquote>\n<p style=\"text-align: justify;\"><strong><em>The scars will be hidden behind the ears.<\/em><\/strong><\/p>\n<\/blockquote>\n<ul>\n<li style=\"font-weight: 400;\"><span style=\"font-weight: 400;\">In some cases, additional small incisions will be made in front of the ear,<\/span><\/li>\n<li style=\"font-weight: 400;\"><span style=\"font-weight: 400;\">but they will then be hidden in natural folds.<\/span><\/li>\n<li style=\"font-weight: 400;\"><span style=\"font-weight: 400;\">It should be noted that the hair won\u2019t be cut at any time.<\/span><\/li>\n<\/ul>\n<p><img loading=\"lazy\" class=\"wp-image-1875 size-full aligncenter\" src=\"https:\/\/excellence-esthetique.fr\/wp-content\/uploads\/cicatrice-otoplastie.jpg\" alt=\"cicatrice otoplastie\" width=\"500\" height=\"313\">\u00a0\u00a0<img loading=\"lazy\" class=\"wp-image-1876 size-full aligncenter\" src=\"https:\/\/excellence-esthetique.fr\/wp-content\/uploads\/cicatrices-otoplastie.jpg\" alt=\"cicatrices otoplastie\" width=\"500\" height=\"313\" srcset=\"https:\/\/excellence-esthetique.fr\/wp-content\/uploads\/cicatrices-otoplastie.jpg 500w, https:\/\/excellence-esthetique.fr\/wp-content\/uploads\/cicatrices-otoplastie-245x153.jpg 245w\" sizes=\"(max-width: 500px) 100vw, 500px\"><\/p>\n<p style=\"text-align: justify;\"><b>The results:<\/b><\/p>\n<hr>\n<blockquote>\n<p style=\"text-align: justify;\"><strong><em>The final shape of the ears can be judged only after 3 months and the final appearance of scars after 6 months.<\/em><\/strong><\/p>\n<\/blockquote>\n<ul>\n<li style=\"font-weight: 400;\"><span style=\"font-weight: 400;\">This is the time needed for the tissues to relax and for all the edema to subside.<\/span><\/li>\n<li style=\"font-weight: 400;\"><span style=\"font-weight: 400;\">After that time, only the scars will still be a little pink and indurated.<\/span><\/li>\n<li style=\"font-weight: 400;\"><span style=\"font-weight: 400;\">The intervention will most often be effective in correcting these anomalies<\/span><\/li>\n<li style=\"font-weight: 400;\"><span style=\"font-weight: 400;\">The results are definitive.<\/span><\/li>\n<li style=\"font-weight: 400;\"><span style=\"font-weight: 400;\">The results of the intervention persists for life, since it acts on the cartilage architecture of the ear that is reshaped to the desired form.<\/span><\/li>\n<\/ul>\n<p><a href=\"https:\/\/excellence-esthetique.fr\/wp-content\/uploads\/525.pdf\">Information Sheet SoFCPRE (Soci\u00e9t\u00e9 Fran\u00e7aise de Chirurgie Plastique Reconstructrice et Esth\u00e9tique)<\/a><\/p>\n<p style=\"text-align: center;\"><em>Last update of this page : 06-06-2019<\/em><\/p>\n\n<div class=\"kk-star-ratings\n     kksr-valign-bottom     kksr-align-center    \"\n    data-payload=\"{&quot;align&quot;:&quot;center&quot;,&quot;id&quot;:&quot;1294&quot;,&quot;slug&quot;:&quot;default&quot;,&quot;valign&quot;:&quot;bottom&quot;,&quot;reference&quot;:&quot;auto&quot;,&quot;count&quot;:&quot;18&quot;,&quot;readonly&quot;:&quot;&quot;,&quot;score&quot;:&quot;5&quot;,&quot;best&quot;:&quot;5&quot;,&quot;gap&quot;:&quot;4&quot;,&quot;greet&quot;:&quot;Noter cette page&quot;,&quot;legend&quot;:&quot;5\\\/5 - (18 votes)&quot;,&quot;size&quot;:&quot;14&quot;,&quot;width&quot;:&quot;88&quot;,&quot;_legend&quot;:&quot;{score}\\\/{best} - ({count} {votes})&quot;}\">\n    \n<div class=\"kksr-stars\">\n    \n<div class=\"kksr-stars-inactive\">\n            <div class=\"kksr-star\" data-star=\"1\" style=\"padding-right: 4px\">\n            \n\n<div class=\"kksr-icon\" style=\"width: 14px; height: 14px;\"><\/div>\n        <\/div>\n            <div class=\"kksr-star\" data-star=\"2\" style=\"padding-right: 4px\">\n            \n\n<div class=\"kksr-icon\" style=\"width: 14px; height: 14px;\"><\/div>\n        <\/div>\n            <div class=\"kksr-star\" data-star=\"3\" style=\"padding-right: 4px\">\n            \n\n<div class=\"kksr-icon\" style=\"width: 14px; height: 14px;\"><\/div>\n        <\/div>\n            <div class=\"kksr-star\" data-star=\"4\" style=\"padding-right: 4px\">\n            \n\n<div class=\"kksr-icon\" style=\"width: 14px; height: 14px;\"><\/div>\n        <\/div>\n            <div class=\"kksr-star\" data-star=\"5\" style=\"padding-right: 4px\">\n            \n\n<div class=\"kksr-icon\" style=\"width: 14px; height: 14px;\"><\/div>\n        <\/div>\n    <\/div>\n    \n<div class=\"kksr-stars-active\" style=\"width: 88px;\">\n            <div class=\"kksr-star\" style=\"padding-right: 4px\">\n            \n\n<div class=\"kksr-icon\" style=\"width: 14px; height: 14px;\"><\/div>\n        <\/div>\n            <div class=\"kksr-star\" style=\"padding-right: 4px\">\n            \n\n<div class=\"kksr-icon\" style=\"width: 14px; height: 14px;\"><\/div>\n        <\/div>\n            <div class=\"kksr-star\" style=\"padding-right: 4px\">\n            \n\n<div class=\"kksr-icon\" style=\"width: 14px; height: 14px;\"><\/div>\n        <\/div>\n            <div class=\"kksr-star\" style=\"padding-right: 4px\">\n            \n\n<div class=\"kksr-icon\" style=\"width: 14px; height: 14px;\"><\/div>\n        <\/div>\n            <div class=\"kksr-star\" style=\"padding-right: 4px\">\n            \n\n<div class=\"kksr-icon\" style=\"width: 14px; height: 14px;\"><\/div>\n        <\/div>\n    <\/div>\n<\/div>\n    \n<div class=\"kksr-legend\">\n            5\/5 - (18 votes)    <\/div>\n<\/div>\n\n\n","protected":false},"excerpt":{"rendered":"<p>What is an otoplasty\/ear surgery? Otoplasty or cosmetic ear surgery is the procedure that allows\u00a0the correction of protruding ears : It can be performed in children as in adults It can be performed from the age of 7 years, at this age, the ears are almost fully grown. The treatment of protruding ears (otoplasty) can&#8230;<\/p>\n","protected":false},"author":5,"featured_media":0,"parent":0,"menu_order":52,"comment_status":"closed","ping_status":"closed","template":"","meta":[],"acf":[],"yoast_head":"<!-- This site is optimized with the Yoast SEO plugin v18.3 - https:\/\/yoast.com\/wordpress\/plugins\/seo\/ -->\n<title>Otoplasty - Policlinique Esth\u00e9tique Marigny Vincennes<\/title>\n<meta name=\"description\" content=\"Otoplasty or cosmetic ear surgery is the procedure that allows to push back the ears\" \/>\n<meta name=\"robots\" content=\"index, follow, max-snippet:-1, max-image-preview:large, max-video-preview:-1\" \/>\n<link rel=\"canonical\" href=\"https:\/\/excellence-esthetique.fr\/en\/otoplasty\/\" \/>\n<meta property=\"og:locale\" content=\"en_US\" \/>\n<meta property=\"og:type\" content=\"article\" \/>\n<meta property=\"og:title\" content=\"Otoplasty - Policlinique Esth\u00e9tique Marigny Vincennes\" \/>\n<meta property=\"og:description\" content=\"Otoplasty or cosmetic ear surgery is the procedure that allows to push back the ears\" \/>\n<meta property=\"og:url\" content=\"https:\/\/excellence-esthetique.fr\/en\/otoplasty\/\" \/>\n<meta property=\"og:site_name\" content=\"Chirurgien rhinoplastie Paris : Dr Gerbault\" \/>\n<meta property=\"article:publisher\" content=\"https:\/\/www.facebook.com\/Dr.Gerbault\/\" \/>\n<meta property=\"article:modified_time\" content=\"2019-06-25T00:44:36+00:00\" \/>\n<meta property=\"og:image\" content=\"https:\/\/excellence-esthetique.fr\/wp-content\/uploads\/image31.jpg\" \/>\n<meta name=\"twitter:card\" content=\"summary_large_image\" \/>\n<meta name=\"twitter:site\" content=\"@Dr_Gerbault\" \/>\n<meta name=\"twitter:label1\" content=\"Est. reading time\" \/>\n\t<meta name=\"twitter:data1\" content=\"4 minutes\" \/>\n<script type=\"application\/ld+json\" class=\"yoast-schema-graph\">{\"@context\":\"https:\/\/schema.org\",\"@graph\":[{\"@type\":[\"Organization\",\"Place\",\"PlasticSurgery\"],\"@id\":\"https:\/\/excellence-esthetique.fr\/fr\/#organization\",\"name\":\"Chirurgien rhinoplastie Paris : Dr Gerbault\",\"url\":\"https:\/\/excellence-esthetique.fr\/fr\/\",\"sameAs\":[\"https:\/\/www.facebook.com\/Dr.Gerbault\/\",\"https:\/\/www.instagram.com\/dr_gerbault_rhinoplastie_paris\/\",\"https:\/\/www.linkedin.com\/in\/oliviergerbault\/\",\"https:\/\/www.youtube.com\/GERBOLIVIER\",\"https:\/\/twitter.com\/Dr_Gerbault\"],\"logo\":{\"@id\":\"https:\/\/excellence-esthetique.fr\/en\/otoplasty\/#local-main-organization-logo\"},\"image\":{\"@id\":\"https:\/\/excellence-esthetique.fr\/en\/otoplasty\/#local-main-organization-logo\"},\"address\":{\"@id\":\"https:\/\/excellence-esthetique.fr\/en\/otoplasty\/#local-main-place-address\"},\"geo\":{\"@type\":\"GeoCoordinates\",\"latitude\":\"48.86772289599891\",\"longitude\":\"2.2794640614090103\"},\"telephone\":[\"+33153663030\"],\"openingHoursSpecification\":{\"@type\":\"OpeningHoursSpecification\",\"dayOfWeek\":[\"Monday\",\"Tuesday\",\"Wednesday\",\"Thursday\",\"Friday\",\"Saturday\",\"Sunday\"],\"opens\":\"00:00\",\"closes\":\"23:59\"},\"areaServed\":\"France\",\"vatID\":\"FR54488777194\",\"taxID\":\"FR54488777194\",\"priceRange\":\"$$$$\"},{\"@type\":\"WebSite\",\"@id\":\"https:\/\/excellence-esthetique.fr\/fr\/#website\",\"url\":\"https:\/\/excellence-esthetique.fr\/fr\/\",\"name\":\"Chirurgien rhinoplastie Paris : Dr Gerbault\",\"description\":\"\",\"publisher\":{\"@id\":\"https:\/\/excellence-esthetique.fr\/fr\/#organization\"},\"potentialAction\":[{\"@type\":\"SearchAction\",\"target\":{\"@type\":\"EntryPoint\",\"urlTemplate\":\"https:\/\/excellence-esthetique.fr\/fr\/?s={search_term_string}\"},\"query-input\":\"required name=search_term_string\"}],\"inLanguage\":\"en-FR\"},{\"@type\":\"ImageObject\",\"@id\":\"https:\/\/excellence-esthetique.fr\/en\/otoplasty\/#primaryimage\",\"inLanguage\":\"en-FR\",\"url\":\"https:\/\/excellence-esthetique.fr\/wp-content\/uploads\/image31.jpg\",\"contentUrl\":\"https:\/\/excellence-esthetique.fr\/wp-content\/uploads\/image31.jpg\",\"width\":464,\"height\":274},{\"@type\":[\"WebPage\",\"MedicalWebPage\"],\"@id\":\"https:\/\/excellence-esthetique.fr\/en\/otoplasty\/#webpage\",\"url\":\"https:\/\/excellence-esthetique.fr\/en\/otoplasty\/\",\"name\":\"Otoplasty - Policlinique Esth\u00e9tique Marigny Vincennes\",\"isPartOf\":{\"@id\":\"https:\/\/excellence-esthetique.fr\/fr\/#website\"},\"primaryImageOfPage\":{\"@id\":\"https:\/\/excellence-esthetique.fr\/en\/otoplasty\/#primaryimage\"},\"datePublished\":\"2015-11-24T12:49:34+00:00\",\"dateModified\":\"2019-06-25T00:44:36+00:00\",\"description\":\"Otoplasty or cosmetic ear surgery is the procedure that allows to push back the ears\",\"breadcrumb\":{\"@id\":\"https:\/\/excellence-esthetique.fr\/en\/otoplasty\/#breadcrumb\"},\"inLanguage\":\"en-FR\",\"potentialAction\":[{\"@type\":\"ReadAction\",\"target\":[\"https:\/\/excellence-esthetique.fr\/en\/otoplasty\/\"]}]},{\"@type\":\"BreadcrumbList\",\"@id\":\"https:\/\/excellence-esthetique.fr\/en\/otoplasty\/#breadcrumb\",\"itemListElement\":[{\"@type\":\"ListItem\",\"position\":1,\"name\":\"Chirurgie esth\u00e9tique Paris\",\"item\":\"https:\/\/excellence-esthetique.fr\/en\/\"},{\"@type\":\"ListItem\",\"position\":2,\"name\":\"Otoplasty\"}]},{\"@type\":\"PostalAddress\",\"@id\":\"https:\/\/excellence-esthetique.fr\/en\/otoplasty\/#local-main-place-address\",\"streetAddress\":\"138 avenue Victor Hugo\",\"addressLocality\":\"Paris\",\"postalCode\":\"75116\",\"addressCountry\":\"FR\"},{\"@type\":\"ImageObject\",\"@id\":\"https:\/\/excellence-esthetique.fr\/en\/otoplasty\/#local-main-organization-logo\",\"inLanguage\":\"en-FR\",\"url\":\"https:\/\/excellence-esthetique.fr\/wp-content\/uploads\/logo.jpg\",\"contentUrl\":\"https:\/\/excellence-esthetique.fr\/wp-content\/uploads\/logo.jpg\",\"width\":600,\"height\":334,\"caption\":\"Chirurgien rhinoplastie Paris : Dr Gerbault\"}]}<\/script>\n<meta name=\"geo.placename\" content=\"Paris\" \/>\n<meta name=\"geo.position\" content=\"48.86772289599891;2.2794640614090103\" \/>\n<meta name=\"geo.region\" content=\"France\" \/>\n<!-- \/ Yoast SEO plugin. -->","yoast_head_json":{"title":"Otoplasty - Policlinique Esth\u00e9tique Marigny Vincennes","description":"Otoplasty or cosmetic ear surgery is the procedure that allows to push back the ears","robots":{"index":"index","follow":"follow","max-snippet":"max-snippet:-1","max-image-preview":"max-image-preview:large","max-video-preview":"max-video-preview:-1"},"canonical":"https:\/\/excellence-esthetique.fr\/en\/otoplasty\/","og_locale":"en_US","og_type":"article","og_title":"Otoplasty - Policlinique Esth\u00e9tique Marigny Vincennes","og_description":"Otoplasty or cosmetic ear surgery is the procedure that allows to push back the ears","og_url":"https:\/\/excellence-esthetique.fr\/en\/otoplasty\/","og_site_name":"Chirurgien rhinoplastie Paris : Dr Gerbault","article_publisher":"https:\/\/www.facebook.com\/Dr.Gerbault\/","article_modified_time":"2019-06-25T00:44:36+00:00","og_image":[{"url":"https:\/\/excellence-esthetique.fr\/wp-content\/uploads\/image31.jpg"}],"twitter_card":"summary_large_image","twitter_site":"@Dr_Gerbault","twitter_misc":{"Est. reading time":"4 minutes"},"schema":{"@context":"https:\/\/schema.org","@graph":[{"@type":["Organization","Place","PlasticSurgery"],"@id":"https:\/\/excellence-esthetique.fr\/fr\/#organization","name":"Chirurgien rhinoplastie Paris : Dr Gerbault","url":"https:\/\/excellence-esthetique.fr\/fr\/","sameAs":["https:\/\/www.facebook.com\/Dr.Gerbault\/","https:\/\/www.instagram.com\/dr_gerbault_rhinoplastie_paris\/","https:\/\/www.linkedin.com\/in\/oliviergerbault\/","https:\/\/www.youtube.com\/GERBOLIVIER","https:\/\/twitter.com\/Dr_Gerbault"],"logo":{"@id":"https:\/\/excellence-esthetique.fr\/en\/otoplasty\/#local-main-organization-logo"},"image":{"@id":"https:\/\/excellence-esthetique.fr\/en\/otoplasty\/#local-main-organization-logo"},"address":{"@id":"https:\/\/excellence-esthetique.fr\/en\/otoplasty\/#local-main-place-address"},"geo":{"@type":"GeoCoordinates","latitude":"48.86772289599891","longitude":"2.2794640614090103"},"telephone":["+33153663030","+33153663030"],"openingHoursSpecification":{"@type":"OpeningHoursSpecification","dayOfWeek":["Monday","Tuesday","Wednesday","Thursday","Friday","Saturday","Sunday"],"opens":"00:00","closes":"23:59"},"areaServed":"France","vatID":"FR54488777194","taxID":"FR54488777194","priceRange":"$$$$"},{"@type":"WebSite","@id":"https:\/\/excellence-esthetique.fr\/fr\/#website","url":"https:\/\/excellence-esthetique.fr\/fr\/","name":"Chirurgien rhinoplastie Paris : Dr Gerbault","description":"","publisher":{"@id":"https:\/\/excellence-esthetique.fr\/fr\/#organization"},"potentialAction":[{"@type":"SearchAction","target":{"@type":"EntryPoint","urlTemplate":"https:\/\/excellence-esthetique.fr\/fr\/?s={search_term_string}"},"query-input":"required name=search_term_string"}],"inLanguage":"en-FR"},{"@type":"ImageObject","@id":"https:\/\/excellence-esthetique.fr\/en\/otoplasty\/#primaryimage","inLanguage":"en-FR","url":"https:\/\/excellence-esthetique.fr\/wp-content\/uploads\/image31.jpg","contentUrl":"https:\/\/excellence-esthetique.fr\/wp-content\/uploads\/image31.jpg","width":464,"height":274},{"@type":["WebPage","MedicalWebPage"],"@id":"https:\/\/excellence-esthetique.fr\/en\/otoplasty\/#webpage","url":"https:\/\/excellence-esthetique.fr\/en\/otoplasty\/","name":"Otoplasty - Policlinique Esth\u00e9tique Marigny Vincennes","isPartOf":{"@id":"https:\/\/excellence-esthetique.fr\/fr\/#website"},"primaryImageOfPage":{"@id":"https:\/\/excellence-esthetique.fr\/en\/otoplasty\/#primaryimage"},"datePublished":"2015-11-24T12:49:34+00:00","dateModified":"2019-06-25T00:44:36+00:00","description":"Otoplasty or cosmetic ear surgery is the procedure that allows to push back the ears","breadcrumb":{"@id":"https:\/\/excellence-esthetique.fr\/en\/otoplasty\/#breadcrumb"},"inLanguage":"en-FR","potentialAction":[{"@type":"ReadAction","target":["https:\/\/excellence-esthetique.fr\/en\/otoplasty\/"]}]},{"@type":"BreadcrumbList","@id":"https:\/\/excellence-esthetique.fr\/en\/otoplasty\/#breadcrumb","itemListElement":[{"@type":"ListItem","position":1,"name":"Chirurgie esth\u00e9tique Paris","item":"https:\/\/excellence-esthetique.fr\/en\/"},{"@type":"ListItem","position":2,"name":"Otoplasty"}]},{"@type":"PostalAddress","@id":"https:\/\/excellence-esthetique.fr\/en\/otoplasty\/#local-main-place-address","streetAddress":"138 avenue Victor Hugo","addressLocality":"Paris","postalCode":"75116","addressCountry":"FR"},{"@type":"ImageObject","@id":"https:\/\/excellence-esthetique.fr\/en\/otoplasty\/#local-main-organization-logo","inLanguage":"en-FR","url":"https:\/\/excellence-esthetique.fr\/wp-content\/uploads\/logo.jpg","contentUrl":"https:\/\/excellence-esthetique.fr\/wp-content\/uploads\/logo.jpg","width":600,"height":334,"caption":"Chirurgien rhinoplastie Paris : Dr Gerbault"}]},"geo.placename":"Paris","geo.position":{"lat":"48.86772289599891","long":"2.2794640614090103"},"geo.region":"France"},"_links":{"self":[{"href":"https:\/\/excellence-esthetique.fr\/en\/wp-json\/wp\/v2\/pages\/1294"}],"collection":[{"href":"https:\/\/excellence-esthetique.fr\/en\/wp-json\/wp\/v2\/pages"}],"about":[{"href":"https:\/\/excellence-esthetique.fr\/en\/wp-json\/wp\/v2\/types\/page"}],"author":[{"embeddable":true,"href":"https:\/\/excellence-esthetique.fr\/en\/wp-json\/wp\/v2\/users\/5"}],"replies":[{"embeddable":true,"href":"https:\/\/excellence-esthetique.fr\/en\/wp-json\/wp\/v2\/comments?post=1294"}],"version-history":[{"count":0,"href":"https:\/\/excellence-esthetique.fr\/en\/wp-json\/wp\/v2\/pages\/1294\/revisions"}],"wp:attachment":[{"href":"https:\/\/excellence-esthetique.fr\/en\/wp-json\/wp\/v2\/media?parent=1294"}],"curies":[{"name":"wp","href":"https:\/\/api.w.org\/{rel}","templated":true}]}}