{"id":1302,"date":"2015-11-24T14:05:33","date_gmt":"2015-11-24T13:05:33","guid":{"rendered":"https:\/\/excellence-esthetique.fr\/?page_id=1302"},"modified":"2019-06-25T01:40:49","modified_gmt":"2019-06-25T00:40:49","slug":"mastopexy-breast-lift","status":"publish","type":"page","link":"https:\/\/excellence-esthetique.fr\/en\/mastopexy-breast-lift\/","title":{"rendered":"Mastopexy &#8211; Breast Lift"},"content":{"rendered":"<blockquote><p><em><strong>What is a Mastopexy?<\/strong><\/em><\/p><\/blockquote>\n<hr>\n<p><strong><i>Mammary ptosis is defined by a sag of the gland and a distension of the skin envelope. In other words, sagging of the breast.<\/i><\/strong><\/p>\n<ul>\n<li style=\"font-weight: 400;\"><span style=\"font-weight: 400;\">When a breast is too low and more frequent \"emptied\" in its upper part.<\/span><\/li>\n<li style=\"font-weight: 400;\"><span style=\"font-weight: 400;\">It can be isolated: it is called pure ptosis.<\/span><\/li>\n<li style=\"font-weight: 400;\"><span style=\"font-weight: 400;\">It can also be associated with some degree of breast enlargement.<\/span><\/li>\n<li style=\"font-weight: 400;\"><span style=\"font-weight: 400;\">breast ptosis can be conversely seen in the context of a breast that is too small (mammary hypotrophy).<\/span><\/li>\n<\/ul>\n<p><strong><i>Breasts may fall after pregnancy or after significant weight changes.<\/i><\/strong><\/p>\n<ul>\n<li style=\"font-weight: 400;\"><span style=\"font-weight: 400;\">In both cases, the breasts have been strained for a variable period, and breast volume then declined to leave excess skin resulting in sagging breasts.<\/span><\/li>\n<li style=\"font-weight: 400;\"><span style=\"font-weight: 400;\">This residual breast volume can be sufficient and justify an isolated breast ptosis cure (ie lift the breasts only).<\/span><\/li>\n<li style=\"font-weight: 400;\"><span style=\"font-weight: 400;\">Sometimes the breast volume can be so reduced so it requires that a breast augmentation prosthesis is performed in the same time as ptosis cure.<\/span><\/li>\n<li style=\"font-weight: 400;\"><span style=\"font-weight: 400;\">In some favorable cases, breast\u00a0augmentation with implants\u00a0alone can help reduce the appearance of ptosis, limiting the scars to 4 cm on each side (see breast augmentation).<\/span><\/li>\n<li style=\"font-weight: 400;\"><span style=\"font-weight: 400;\">Unlike hypertrophy, breast ptosis does not create an aesthetic discomfort and is therefore not supported by health insurance.<\/span><\/li>\n<\/ul>\n<p>\u00a0<\/p>\n<blockquote><p><em><strong>Why have a Mastopexy?<\/strong><\/em><\/p><\/blockquote>\n<hr>\n<p><strong><i>Mammary ptosis or Mastopexy prevents the fall of the mammary gland, and distention of the surrounding skin.<\/i><\/strong><\/p>\n<ul>\n<li style=\"font-weight: 400;\"><span style=\"font-weight: 400;\">The installation of\u00a0implants is not mandatory, it depends on the initial volume of the mammary gland.<\/span><\/li>\n<li style=\"font-weight: 400;\"><span style=\"font-weight: 400;\">The operation helps reshape the breast by acting on the skin envelope and the glandular tissue to obtain harmonious, beautifully curved and ascended breasts.<\/span><\/li>\n<li style=\"font-weight: 400;\"><span style=\"font-weight: 400;\">The gland is concentrated and placed in a good position.<\/span><\/li>\n<li style=\"font-weight: 400;\"><span style=\"font-weight: 400;\">Then the skin envelope is tailored, which requires removing excess skin to ensure a nice form for the new breasts.<\/span><\/li>\n<li style=\"font-weight: 400;\"><span style=\"font-weight: 400;\">This allow to replace the areola and nipple that were located too low.<\/span><\/li>\n<li style=\"font-weight: 400;\"><span style=\"font-weight: 400;\">When a Mastopexy is associated with a hypotrophy of the breast, it may be desirable to introduce, in the same operation, a prosthesis to restore within a satisfactory volume. Conversely, when breast hypertrophy is associated,\u00a0breast reduction is associated in the same operation.<\/span><\/li>\n<\/ul>\n<p>\u00a0<\/p>\n<blockquote><p><em><strong>The consultation<\/strong><\/em><\/p><\/blockquote>\n<hr>\n<p><span style=\"font-weight: 400;\">A preoperative mammography should be performed if there was none in the previous three years.<\/span><\/p>\n<p><span style=\"font-weight: 400;\">This will detect any abnormality preoperatively and serve as reference for future mammograms.<\/span><\/p>\n<p>\u00a0<\/p>\n<blockquote><p><em><strong>What happens during a Mastopexy?<\/strong><\/em><\/p><\/blockquote>\n<hr>\n<p><span style=\"font-weight: 400;\">Duration of surgery: 2 hours 2h30<\/span><\/p>\n<p><span style=\"font-weight: 400;\">hospitalization time: 2 days<\/span><\/p>\n<p><span style=\"font-weight: 400;\">Type of anesthesia: general<\/span><\/p>\n<ul>\n<li style=\"font-weight: 400;\"><span style=\"font-weight: 400;\">Some drugs favoring the bleeding should not be taken during the 10 days preceding the intervention: aspirin, anti-inflammatory drugs, anti-coagulants ...<\/span><\/li>\n<li style=\"font-weight: 400;\"><span style=\"font-weight: 400;\">Some drugs can be taken before surgery to reduce swelling and post-operative bruising.<\/span><\/li>\n<li style=\"font-weight: 400;\"><span style=\"font-weight: 400;\">Hospitalization takes place the morning of surgery while fasting.<\/span><\/li>\n<li style=\"font-weight: 400;\"><span style=\"font-weight: 400;\">The procedure is performed with the patient in a sitting position, to obtain the most symmetrical result.<\/span><\/li>\n<li style=\"font-weight: 400;\"><span style=\"font-weight: 400;\">A drainage by suction drains externalized in the armpits can reduce the risk of hematoma: these suction drains will be removed the day of the release.<\/span><\/li>\n<\/ul>\n<p>\u00a0<\/p>\n<blockquote><p><em><strong>What happens after the surgery?<\/strong><\/em><\/p><\/blockquote>\n<hr>\n<ul>\n<li><span style=\"font-weight: 400;\">There is usually some bruising (bruises) and edema (swelling) of the breasts that disappear within weeks.<\/span><\/li>\n<li><span style=\"font-weight: 400;\">However, the procedure is not painful or is very little unless\u00a0implants are placed during surgery (especially if they are placed behind the pectoralis major muscle).<\/span><\/li>\n<li><span style=\"font-weight: 400;\">There\u00a0are no stitches\u00a0to remove.<\/span><\/li>\n<li><span style=\"font-weight: 400;\">A contention bra with elastic fabric that opens from the front, the size and cap will be defined with the surgeon before the operation, it must be worn day and night for a month.<\/span><\/li>\n<li><span style=\"font-weight: 400;\">During this period, any sport is prohibited, as well as carrying heavy loads.<\/span><\/li>\n<li><span style=\"font-weight: 400;\">It is recommended to take a week off after the intervention.<\/span><\/li>\n<li><span style=\"font-weight: 400;\">The scars should not be exposed to sunlight for 6 months after surgery.<\/span><\/li>\n<\/ul>\n<p>\u00a0<\/p>\n<blockquote><p><strong><em>The risks of\u00a0a Mastopexy<\/em><\/strong><\/p><\/blockquote>\n<hr>\n<ul>\n<li>As with any surgical procedure, there is a risk of hematoma or postoperative infection, although this is very rare. They require appropriate treatment (drainage, antibiotics ...)<\/li>\n<li>Skin necrosis can very rarely occur at the areolas or vertical and horizontal scars. It prolongs the duration of healing and leaves a wide scar that can be redone secondarily.<\/li>\n<li>This complication is greatly favored by smoking. Thus, smoking cessation is recommended at least one month before surgery.<\/li>\n<li>The sensitivity of the areola and nipple is generally diminished after surgery, but usually normalizes in a few months.<\/li>\n<li>The scars can be large or hypertrophic in an unpredictable way. They can sometimes require surgical correction when they are wide or injections of corticosteroids when they are hypertrophic.<\/li>\n<li>Finally, breast asymmetry sometimes exists after surgery. It is all the more frequent when such an asymmetry existed before. It may require surgical correction several months after surgery.<\/li>\n<\/ul>\n<p><em><strong>With regard to anesthesia, during the consultation, the doctor-anesthetist will inform the patient of the anesthetic risks.<\/strong><\/em><\/p>\n<ul>\n<li>It should be noted that anesthesia induces in the body reactions that are sometimes unpredictable and more or less easy to control: the use of a perfectly competent anesthesiologist, exercising in a truly surgical context, makes the risks involved become statistically almost negligible.<\/li>\n<li>Indeed, it must be known that techniques, anesthetic products and monitoring methods have made enormous progress over the last twenty years, offering optimal safety, especially when the intervention is carried out outside\u00a0an emergency context and on\u00a0healthy person.<\/li>\n<\/ul>\n<p>\u00a0<\/p>\n<blockquote><p><em><strong>The scars\u00a0of\u00a0a Mastopexy<\/strong><\/em><\/p><\/blockquote>\n<hr>\n<p><strong><em>The final scars depend on different parameters (desired volume, degree of ptosis, quality of the skin ...).<\/em><\/strong><\/p>\n<ul>\n<li>These scars are always located around the areola and generally have an inverted \"T\" shape under the areola (vertical to the base of the breasts and horizontal in the inframammary fold).<\/li>\n<li>The horizontal scar is shortened or even suppressed if the ptosis is not marked (vertical scar or \"I\").<\/li>\n<li>In cases where only a breast augmentation is provided to correct the ptosis, the scars are minimal and are located either at the bottom of the areola, in the\u00a0inframammary fold\u00a0or in the armpit.<\/li>\n<\/ul>\n<p><a href=\"https:\/\/excellence-esthetique.fr\/wp-content\/uploads\/cicatrice-ptose.gif\"><img loading=\"lazy\" class=\"alignnone size-medium wp-image-1651\" src=\"https:\/\/excellence-esthetique.fr\/wp-content\/uploads\/cicatrice-ptose-245x146.gif\" alt=\"cicatrice ptose\" width=\"245\" height=\"146\"><\/a><\/p>\n<blockquote><p><em><strong>After a\u00a0Mastopexy<\/strong><\/em><\/p><\/blockquote>\n<hr>\n<ul>\n<li>The final shape of the breasts can only be judged after 3 months and the final appearance of the scars after 6 to 12 months.<\/li>\n<li>The final results are durable if there is no pregnancy after surgery, and the weight remains (relatively) stable.<\/li>\n<li>In case of associated breast augmentation, the higher the volume, the greater the risk that the breasts will sag again.<\/li>\n<li>The same is true of the quality of the skin: the finer the skin, the more stretchy it is, the greater the volume.<\/li>\n<\/ul>\n<p><a href=\"https:\/\/excellence-esthetique.fr\/wp-content\/uploads\/372.pdf\" target=\"_blank\" rel=\"noopener noreferrer\">Information Sheet SoFCPRE (Soci\u00e9t\u00e9 Fran\u00e7aise de Chirurgie Plastique Reconstructrice et Esth\u00e9tique)<\/a><\/p>\n<p style=\"text-align: center;\"><em>Last update of this page : 06-06-2019<\/em><\/p>\n\n<div class=\"kk-star-ratings\n     kksr-valign-bottom     kksr-align-center    \"\n    data-payload=\"{&quot;align&quot;:&quot;center&quot;,&quot;id&quot;:&quot;1302&quot;,&quot;slug&quot;:&quot;default&quot;,&quot;valign&quot;:&quot;bottom&quot;,&quot;reference&quot;:&quot;auto&quot;,&quot;count&quot;:&quot;15&quot;,&quot;readonly&quot;:&quot;&quot;,&quot;score&quot;:&quot;5&quot;,&quot;best&quot;:&quot;5&quot;,&quot;gap&quot;:&quot;4&quot;,&quot;greet&quot;:&quot;Noter cette page&quot;,&quot;legend&quot;:&quot;5\\\/5 - (15 votes)&quot;,&quot;size&quot;:&quot;14&quot;,&quot;width&quot;:&quot;88&quot;,&quot;_legend&quot;:&quot;{score}\\\/{best} - ({count} {votes})&quot;}\">\n    \n<div class=\"kksr-stars\">\n    \n<div class=\"kksr-stars-inactive\">\n            <div class=\"kksr-star\" data-star=\"1\" style=\"padding-right: 4px\">\n            \n\n<div class=\"kksr-icon\" style=\"width: 14px; height: 14px;\"><\/div>\n        <\/div>\n            <div class=\"kksr-star\" data-star=\"2\" style=\"padding-right: 4px\">\n            \n\n<div class=\"kksr-icon\" style=\"width: 14px; height: 14px;\"><\/div>\n        <\/div>\n            <div class=\"kksr-star\" data-star=\"3\" style=\"padding-right: 4px\">\n            \n\n<div class=\"kksr-icon\" style=\"width: 14px; height: 14px;\"><\/div>\n        <\/div>\n            <div class=\"kksr-star\" data-star=\"4\" style=\"padding-right: 4px\">\n            \n\n<div class=\"kksr-icon\" style=\"width: 14px; height: 14px;\"><\/div>\n        <\/div>\n            <div class=\"kksr-star\" data-star=\"5\" style=\"padding-right: 4px\">\n            \n\n<div class=\"kksr-icon\" style=\"width: 14px; height: 14px;\"><\/div>\n        <\/div>\n    <\/div>\n    \n<div class=\"kksr-stars-active\" style=\"width: 88px;\">\n            <div class=\"kksr-star\" style=\"padding-right: 4px\">\n            \n\n<div class=\"kksr-icon\" style=\"width: 14px; height: 14px;\"><\/div>\n        <\/div>\n            <div class=\"kksr-star\" style=\"padding-right: 4px\">\n            \n\n<div class=\"kksr-icon\" style=\"width: 14px; height: 14px;\"><\/div>\n        <\/div>\n            <div class=\"kksr-star\" style=\"padding-right: 4px\">\n            \n\n<div class=\"kksr-icon\" style=\"width: 14px; height: 14px;\"><\/div>\n        <\/div>\n            <div class=\"kksr-star\" style=\"padding-right: 4px\">\n            \n\n<div class=\"kksr-icon\" style=\"width: 14px; height: 14px;\"><\/div>\n        <\/div>\n            <div class=\"kksr-star\" style=\"padding-right: 4px\">\n            \n\n<div class=\"kksr-icon\" style=\"width: 14px; height: 14px;\"><\/div>\n        <\/div>\n    <\/div>\n<\/div>\n    \n<div class=\"kksr-legend\">\n            5\/5 - (15 votes)    <\/div>\n<\/div>\n\n\n","protected":false},"excerpt":{"rendered":"<p>What is a Mastopexy? Mammary ptosis is defined by a sag of the gland and a distension of the skin envelope. In other words, sagging of the breast. When a breast is too low and more frequent &#8220;emptied&#8221; in its upper part. It can be isolated: it is called pure ptosis. It can also be&#8230;<\/p>\n","protected":false},"author":5,"featured_media":0,"parent":0,"menu_order":34,"comment_status":"closed","ping_status":"closed","template":"","meta":[],"acf":[],"yoast_head":"<!-- This site is optimized with the Yoast SEO plugin v18.3 - https:\/\/yoast.com\/wordpress\/plugins\/seo\/ -->\n<title>Mastopexy - Breast Lift - Policlinique Esthetique Vincennes<\/title>\n<meta name=\"description\" content=\"Mastopexy - Breast Lift make it possible to fight against the fall of the mammary gland, and the distension of the skin that surrounds it.\" \/>\n<meta name=\"robots\" content=\"index, follow, max-snippet:-1, max-image-preview:large, max-video-preview:-1\" \/>\n<link rel=\"canonical\" href=\"https:\/\/excellence-esthetique.fr\/en\/mastopexy-breast-lift\/\" \/>\n<meta property=\"og:locale\" content=\"en_US\" \/>\n<meta property=\"og:type\" content=\"article\" \/>\n<meta property=\"og:title\" content=\"Mastopexy - Breast Lift - Policlinique Esthetique Vincennes\" \/>\n<meta property=\"og:description\" content=\"Mastopexy - Breast Lift make it possible to fight against the fall of the mammary gland, and the distension of the skin that surrounds it.\" \/>\n<meta property=\"og:url\" content=\"https:\/\/excellence-esthetique.fr\/en\/mastopexy-breast-lift\/\" \/>\n<meta property=\"og:site_name\" content=\"Chirurgien rhinoplastie Paris : Dr Gerbault\" \/>\n<meta property=\"article:publisher\" content=\"https:\/\/www.facebook.com\/Dr.Gerbault\/\" \/>\n<meta property=\"article:modified_time\" content=\"2019-06-25T00:40:49+00:00\" \/>\n<meta property=\"og:image\" content=\"https:\/\/excellence-esthetique.fr\/wp-content\/uploads\/cicatrice-ptose-245x146.gif\" \/>\n<meta name=\"twitter:card\" content=\"summary_large_image\" \/>\n<meta name=\"twitter:site\" content=\"@Dr_Gerbault\" \/>\n<meta name=\"twitter:label1\" content=\"Est. reading time\" \/>\n\t<meta name=\"twitter:data1\" content=\"5 minutes\" \/>\n<script type=\"application\/ld+json\" class=\"yoast-schema-graph\">{\"@context\":\"https:\/\/schema.org\",\"@graph\":[{\"@type\":[\"Organization\",\"Place\",\"PlasticSurgery\"],\"@id\":\"https:\/\/excellence-esthetique.fr\/fr\/#organization\",\"name\":\"Chirurgien rhinoplastie Paris : Dr Gerbault\",\"url\":\"https:\/\/excellence-esthetique.fr\/fr\/\",\"sameAs\":[\"https:\/\/www.facebook.com\/Dr.Gerbault\/\",\"https:\/\/www.instagram.com\/dr_gerbault_rhinoplastie_paris\/\",\"https:\/\/www.linkedin.com\/in\/oliviergerbault\/\",\"https:\/\/www.youtube.com\/GERBOLIVIER\",\"https:\/\/twitter.com\/Dr_Gerbault\"],\"logo\":{\"@id\":\"https:\/\/excellence-esthetique.fr\/en\/mastopexy-breast-lift\/#local-main-organization-logo\"},\"image\":{\"@id\":\"https:\/\/excellence-esthetique.fr\/en\/mastopexy-breast-lift\/#local-main-organization-logo\"},\"address\":{\"@id\":\"https:\/\/excellence-esthetique.fr\/en\/mastopexy-breast-lift\/#local-main-place-address\"},\"geo\":{\"@type\":\"GeoCoordinates\",\"latitude\":\"48.86772289599891\",\"longitude\":\"2.2794640614090103\"},\"telephone\":[\"+33153663030\"],\"openingHoursSpecification\":{\"@type\":\"OpeningHoursSpecification\",\"dayOfWeek\":[\"Monday\",\"Tuesday\",\"Wednesday\",\"Thursday\",\"Friday\",\"Saturday\",\"Sunday\"],\"opens\":\"00:00\",\"closes\":\"23:59\"},\"areaServed\":\"France\",\"vatID\":\"FR54488777194\",\"taxID\":\"FR54488777194\",\"priceRange\":\"$$$$\"},{\"@type\":\"WebSite\",\"@id\":\"https:\/\/excellence-esthetique.fr\/fr\/#website\",\"url\":\"https:\/\/excellence-esthetique.fr\/fr\/\",\"name\":\"Chirurgien rhinoplastie Paris : Dr Gerbault\",\"description\":\"\",\"publisher\":{\"@id\":\"https:\/\/excellence-esthetique.fr\/fr\/#organization\"},\"potentialAction\":[{\"@type\":\"SearchAction\",\"target\":{\"@type\":\"EntryPoint\",\"urlTemplate\":\"https:\/\/excellence-esthetique.fr\/fr\/?s={search_term_string}\"},\"query-input\":\"required name=search_term_string\"}],\"inLanguage\":\"en-FR\"},{\"@type\":\"ImageObject\",\"@id\":\"https:\/\/excellence-esthetique.fr\/en\/mastopexy-breast-lift\/#primaryimage\",\"inLanguage\":\"en-FR\",\"url\":\"https:\/\/excellence-esthetique.fr\/wp-content\/uploads\/cicatrice-ptose.gif\",\"contentUrl\":\"https:\/\/excellence-esthetique.fr\/wp-content\/uploads\/cicatrice-ptose.gif\",\"width\":454,\"height\":270},{\"@type\":[\"WebPage\",\"MedicalWebPage\"],\"@id\":\"https:\/\/excellence-esthetique.fr\/en\/mastopexy-breast-lift\/#webpage\",\"url\":\"https:\/\/excellence-esthetique.fr\/en\/mastopexy-breast-lift\/\",\"name\":\"Mastopexy - Breast Lift - Policlinique Esthetique Vincennes\",\"isPartOf\":{\"@id\":\"https:\/\/excellence-esthetique.fr\/fr\/#website\"},\"primaryImageOfPage\":{\"@id\":\"https:\/\/excellence-esthetique.fr\/en\/mastopexy-breast-lift\/#primaryimage\"},\"datePublished\":\"2015-11-24T13:05:33+00:00\",\"dateModified\":\"2019-06-25T00:40:49+00:00\",\"description\":\"Mastopexy - Breast Lift make it possible to fight against the fall of the mammary gland, and the distension of the skin that surrounds it.\",\"breadcrumb\":{\"@id\":\"https:\/\/excellence-esthetique.fr\/en\/mastopexy-breast-lift\/#breadcrumb\"},\"inLanguage\":\"en-FR\",\"potentialAction\":[{\"@type\":\"ReadAction\",\"target\":[\"https:\/\/excellence-esthetique.fr\/en\/mastopexy-breast-lift\/\"]}]},{\"@type\":\"BreadcrumbList\",\"@id\":\"https:\/\/excellence-esthetique.fr\/en\/mastopexy-breast-lift\/#breadcrumb\",\"itemListElement\":[{\"@type\":\"ListItem\",\"position\":1,\"name\":\"Chirurgie esth\u00e9tique Paris\",\"item\":\"https:\/\/excellence-esthetique.fr\/en\/\"},{\"@type\":\"ListItem\",\"position\":2,\"name\":\"Mastopexy &#8211; Breast Lift\"}]},{\"@type\":\"PostalAddress\",\"@id\":\"https:\/\/excellence-esthetique.fr\/en\/mastopexy-breast-lift\/#local-main-place-address\",\"streetAddress\":\"138 avenue Victor Hugo\",\"addressLocality\":\"Paris\",\"postalCode\":\"75116\",\"addressCountry\":\"FR\"},{\"@type\":\"ImageObject\",\"@id\":\"https:\/\/excellence-esthetique.fr\/en\/mastopexy-breast-lift\/#local-main-organization-logo\",\"inLanguage\":\"en-FR\",\"url\":\"https:\/\/excellence-esthetique.fr\/wp-content\/uploads\/logo.jpg\",\"contentUrl\":\"https:\/\/excellence-esthetique.fr\/wp-content\/uploads\/logo.jpg\",\"width\":600,\"height\":334,\"caption\":\"Chirurgien rhinoplastie Paris : Dr Gerbault\"}]}<\/script>\n<meta name=\"geo.placename\" content=\"Paris\" \/>\n<meta name=\"geo.position\" content=\"48.86772289599891;2.2794640614090103\" \/>\n<meta name=\"geo.region\" content=\"France\" \/>\n<!-- \/ Yoast SEO plugin. -->","yoast_head_json":{"title":"Mastopexy - Breast Lift - Policlinique Esthetique Vincennes","description":"Mastopexy - Breast Lift make it possible to fight against the fall of the mammary gland, and the distension of the skin that surrounds it.","robots":{"index":"index","follow":"follow","max-snippet":"max-snippet:-1","max-image-preview":"max-image-preview:large","max-video-preview":"max-video-preview:-1"},"canonical":"https:\/\/excellence-esthetique.fr\/en\/mastopexy-breast-lift\/","og_locale":"en_US","og_type":"article","og_title":"Mastopexy - Breast Lift - Policlinique Esthetique Vincennes","og_description":"Mastopexy - Breast Lift make it possible to fight against the fall of the mammary gland, and the distension of the skin that surrounds it.","og_url":"https:\/\/excellence-esthetique.fr\/en\/mastopexy-breast-lift\/","og_site_name":"Chirurgien rhinoplastie Paris : Dr Gerbault","article_publisher":"https:\/\/www.facebook.com\/Dr.Gerbault\/","article_modified_time":"2019-06-25T00:40:49+00:00","og_image":[{"url":"https:\/\/excellence-esthetique.fr\/wp-content\/uploads\/cicatrice-ptose-245x146.gif"}],"twitter_card":"summary_large_image","twitter_site":"@Dr_Gerbault","twitter_misc":{"Est. reading time":"5 minutes"},"schema":{"@context":"https:\/\/schema.org","@graph":[{"@type":["Organization","Place","PlasticSurgery"],"@id":"https:\/\/excellence-esthetique.fr\/fr\/#organization","name":"Chirurgien rhinoplastie Paris : Dr Gerbault","url":"https:\/\/excellence-esthetique.fr\/fr\/","sameAs":["https:\/\/www.facebook.com\/Dr.Gerbault\/","https:\/\/www.instagram.com\/dr_gerbault_rhinoplastie_paris\/","https:\/\/www.linkedin.com\/in\/oliviergerbault\/","https:\/\/www.youtube.com\/GERBOLIVIER","https:\/\/twitter.com\/Dr_Gerbault"],"logo":{"@id":"https:\/\/excellence-esthetique.fr\/en\/mastopexy-breast-lift\/#local-main-organization-logo"},"image":{"@id":"https:\/\/excellence-esthetique.fr\/en\/mastopexy-breast-lift\/#local-main-organization-logo"},"address":{"@id":"https:\/\/excellence-esthetique.fr\/en\/mastopexy-breast-lift\/#local-main-place-address"},"geo":{"@type":"GeoCoordinates","latitude":"48.86772289599891","longitude":"2.2794640614090103"},"telephone":["+33153663030","+33153663030"],"openingHoursSpecification":{"@type":"OpeningHoursSpecification","dayOfWeek":["Monday","Tuesday","Wednesday","Thursday","Friday","Saturday","Sunday"],"opens":"00:00","closes":"23:59"},"areaServed":"France","vatID":"FR54488777194","taxID":"FR54488777194","priceRange":"$$$$"},{"@type":"WebSite","@id":"https:\/\/excellence-esthetique.fr\/fr\/#website","url":"https:\/\/excellence-esthetique.fr\/fr\/","name":"Chirurgien rhinoplastie Paris : Dr Gerbault","description":"","publisher":{"@id":"https:\/\/excellence-esthetique.fr\/fr\/#organization"},"potentialAction":[{"@type":"SearchAction","target":{"@type":"EntryPoint","urlTemplate":"https:\/\/excellence-esthetique.fr\/fr\/?s={search_term_string}"},"query-input":"required name=search_term_string"}],"inLanguage":"en-FR"},{"@type":"ImageObject","@id":"https:\/\/excellence-esthetique.fr\/en\/mastopexy-breast-lift\/#primaryimage","inLanguage":"en-FR","url":"https:\/\/excellence-esthetique.fr\/wp-content\/uploads\/cicatrice-ptose.gif","contentUrl":"https:\/\/excellence-esthetique.fr\/wp-content\/uploads\/cicatrice-ptose.gif","width":454,"height":270},{"@type":["WebPage","MedicalWebPage"],"@id":"https:\/\/excellence-esthetique.fr\/en\/mastopexy-breast-lift\/#webpage","url":"https:\/\/excellence-esthetique.fr\/en\/mastopexy-breast-lift\/","name":"Mastopexy - Breast Lift - Policlinique Esthetique Vincennes","isPartOf":{"@id":"https:\/\/excellence-esthetique.fr\/fr\/#website"},"primaryImageOfPage":{"@id":"https:\/\/excellence-esthetique.fr\/en\/mastopexy-breast-lift\/#primaryimage"},"datePublished":"2015-11-24T13:05:33+00:00","dateModified":"2019-06-25T00:40:49+00:00","description":"Mastopexy - Breast Lift make it possible to fight against the fall of the mammary gland, and the distension of the skin that surrounds it.","breadcrumb":{"@id":"https:\/\/excellence-esthetique.fr\/en\/mastopexy-breast-lift\/#breadcrumb"},"inLanguage":"en-FR","potentialAction":[{"@type":"ReadAction","target":["https:\/\/excellence-esthetique.fr\/en\/mastopexy-breast-lift\/"]}]},{"@type":"BreadcrumbList","@id":"https:\/\/excellence-esthetique.fr\/en\/mastopexy-breast-lift\/#breadcrumb","itemListElement":[{"@type":"ListItem","position":1,"name":"Chirurgie esth\u00e9tique Paris","item":"https:\/\/excellence-esthetique.fr\/en\/"},{"@type":"ListItem","position":2,"name":"Mastopexy &#8211; Breast Lift"}]},{"@type":"PostalAddress","@id":"https:\/\/excellence-esthetique.fr\/en\/mastopexy-breast-lift\/#local-main-place-address","streetAddress":"138 avenue Victor Hugo","addressLocality":"Paris","postalCode":"75116","addressCountry":"FR"},{"@type":"ImageObject","@id":"https:\/\/excellence-esthetique.fr\/en\/mastopexy-breast-lift\/#local-main-organization-logo","inLanguage":"en-FR","url":"https:\/\/excellence-esthetique.fr\/wp-content\/uploads\/logo.jpg","contentUrl":"https:\/\/excellence-esthetique.fr\/wp-content\/uploads\/logo.jpg","width":600,"height":334,"caption":"Chirurgien rhinoplastie Paris : Dr Gerbault"}]},"geo.placename":"Paris","geo.position":{"lat":"48.86772289599891","long":"2.2794640614090103"},"geo.region":"France"},"_links":{"self":[{"href":"https:\/\/excellence-esthetique.fr\/en\/wp-json\/wp\/v2\/pages\/1302"}],"collection":[{"href":"https:\/\/excellence-esthetique.fr\/en\/wp-json\/wp\/v2\/pages"}],"about":[{"href":"https:\/\/excellence-esthetique.fr\/en\/wp-json\/wp\/v2\/types\/page"}],"author":[{"embeddable":true,"href":"https:\/\/excellence-esthetique.fr\/en\/wp-json\/wp\/v2\/users\/5"}],"replies":[{"embeddable":true,"href":"https:\/\/excellence-esthetique.fr\/en\/wp-json\/wp\/v2\/comments?post=1302"}],"version-history":[{"count":0,"href":"https:\/\/excellence-esthetique.fr\/en\/wp-json\/wp\/v2\/pages\/1302\/revisions"}],"wp:attachment":[{"href":"https:\/\/excellence-esthetique.fr\/en\/wp-json\/wp\/v2\/media?parent=1302"}],"curies":[{"name":"wp","href":"https:\/\/api.w.org\/{rel}","templated":true}]}}