{"id":1346,"date":"2015-11-25T11:24:00","date_gmt":"2015-11-25T10:24:00","guid":{"rendered":"https:\/\/excellence-esthetique.fr\/?page_id=1346"},"modified":"2019-06-25T01:38:08","modified_gmt":"2019-06-25T00:38:08","slug":"lipofillings","status":"publish","type":"page","link":"https:\/\/excellence-esthetique.fr\/en\/lipofillings\/","title":{"rendered":"Lipofillings"},"content":{"rendered":"<blockquote>\n<p style=\"text-align: justify;\"><em><strong>What is a lipofilling?<\/strong><\/em><\/p>\n<\/blockquote>\n<hr>\n<ul>\n<li><span style=\"font-weight: 400;\">During a lipofilling, fat is removed in areas where it is excessive.<\/span><\/li>\n<li><span style=\"font-weight: 400;\">The removal of the adipose tissue is performed atraumatically by a micro-incision hidden in natural folds, <\/span><span style=\"font-weight: 400;\">with a very thin suction cannula<\/span><span style=\"font-weight: 400;\">.<\/span><\/li>\n<li><span style=\"font-weight: 400;\">Then the fat cells are \"purified\" and re-injected into the dermis under wrinkles, or in the subcutaneous tissue to restore volume.<\/span><\/li>\n<li><span style=\"font-weight: 400;\">It is therefore a natural process using the person's own fat, which prevents rejection or adverse reaction.<\/span><\/li>\n<li><span style=\"font-weight: 400;\">Current purification methods allow survival of almost all the injected fat cells and therefore predictable and sustainable results.<\/span><\/li>\n<li><span style=\"font-weight: 400;\">The disadvantage is the time required for collecting and purifying the fat.<\/span><\/li>\n<\/ul>\n<blockquote>\n<p style=\"text-align: justify;\"><em><strong>Why consider lipofilling?<\/strong><\/em><\/p>\n<\/blockquote>\n<hr>\n<p><b><i>Facial lipofillings are performed in numerous ways:<\/i><\/b><\/p>\n<ul>\n<li style=\"font-weight: 400;\"><span style=\"font-weight: 400;\">The\u00a0blunting of facial rhytides<\/span><\/li>\n<li style=\"font-weight: 400;\"><span style=\"font-weight: 400;\">The restoration of the \"fullness\" of a gaunt face or in the early stages of facial aging<\/span><\/li>\n<li style=\"font-weight: 400;\"><span style=\"font-weight: 400;\">Restoring volumes and shapes of the face: it may include the restoration of a face emaciated by aging.<\/span><\/li>\n<\/ul>\n<p><span style=\"font-weight: 400;\">Lipofilling is almost always used in addition to facelifts to correct the loss of fat volumes of the face that is the norm, except in the faces of people who are notably overweight.<\/span><\/p>\n<p style=\"text-align: justify;\"><span style=\"font-weight: 400;\">It is used on many areas of the face, because there is a uniform reduction of facial volume in facial aging.<\/span><\/p>\n<blockquote>\n<p style=\"text-align: justify;\"><em><strong>The consultation<\/strong><\/em><\/p>\n<\/blockquote>\n<hr>\n<ul>\n<li><span style=\"font-weight: 400;\">During the consultation, the surgeon establishes with his patient the desired aesthetic benefit, the limits of the technique in terms of volume gain, benefits, drawbacks and counter-indications.<\/span><\/li>\n<li><span style=\"font-weight: 400;\">Careful study and clinical photography are performed.<\/span><\/li>\n<li><span style=\"font-weight: 400;\"> Then the donor sites of the fat will be harvested, and the recipient sites.<\/span><\/li>\n<\/ul>\n<blockquote>\n<p style=\"text-align: justify;\"><em><strong>What happens during a lipofilling?<\/strong><\/em><\/p>\n<\/blockquote>\n<hr>\n<ul>\n<li><span style=\"font-weight: 400;\">This surgery is performed as an outpatient.<\/span><\/li>\n<li><span style=\"font-weight: 400;\">The duration of the operation depends on the amount of fat to inject and the number of locations to be treated. It can vary from 30 minutes to 2 hours in case of isolated lipostructure.<\/span><\/li>\n<li><span style=\"font-weight: 400;\"> Lipostructure is usually performed under local anesthesia potentiated by tranquilizers administered intravenously. One can also use a local anesthesia or general anesthesia. The choice between these different techniques will result from a discussion between you, the surgeon and the anesthetist.<\/span><\/li>\n<\/ul>\n<p style=\"text-align: justify;\"><em><strong>The effects of a a lipofilling<\/strong><\/em><\/p>\n<hr>\n<ul>\n<li>The effects of the operation are generally not painful, but marked by significant swelling and bruising for 1 to 3 weeks.<\/li>\n<li>Thus, if physical recovery is usually\u00a0fast due to the light and superficial nature of the intervention, it will be necessary to consider the social effects\u00a0because it can risk\u00a0swelling and bruising.<\/li>\n<li>The areas treated should not be exposed to sunlight or UV for at least 4 weeks, which would imply the risk of permanent pigmentation.<\/li>\n<\/ul>\n<blockquote>\n<p style=\"text-align: justify;\"><em><strong>The risks of a lipofilling<\/strong><\/em><\/p>\n<\/blockquote>\n<hr>\n<ul>\n<li><span style=\"font-weight: 400;\">In some cases, localized imperfections can be observed (without any real complications): insufficient correction, slight asymmetry, irregularity.<\/span><\/li>\n<li><span style=\"font-weight: 400;\">On the contrary, sometimes there may be an overcorrection.<\/span><\/li>\n<\/ul>\n<p><strong>These localized imperfections are generally accessible to\u00a0correction or further treatment under local anesthesia.<\/strong><\/p>\n<blockquote>\n<p style=\"text-align: justify;\"><em><strong>The scars of a lipofilling<\/strong><\/em><\/p>\n<\/blockquote>\n<hr>\n<p><b><i>This fat transfer technique leaves virtually no scars.<\/i><\/b><\/p>\n<ul>\n<li style=\"font-weight: 400;\"><span style=\"font-weight: 400;\">When collecting fat tissue small incisions hidden in the natural folds are made using a thin suction cannula.<\/span><\/li>\n<li style=\"font-weight: 400;\"><span style=\"font-weight: 400;\">The transfer of the fat tissue is done from incisions of 1 to 2 mm by using micro-cannulas.<\/span><\/li>\n<\/ul>\n<p style=\"text-align: justify;\"><em><strong>After a lipofilling<\/strong><\/em><\/p>\n<hr>\n<p style=\"text-align: justify;\"><span style=\"font-weight: 400;\">The end result can be seen about 3 months after the operation, when the edema has disappeared.<\/span><\/p>\n<p><a href=\"https:\/\/excellence-esthetique.fr\/wp-content\/uploads\/375.pdf\" target=\"_blank\" rel=\"noopener noreferrer\">Information Sheet SoFCPRE (Soci\u00e9t\u00e9 Fran\u00e7aise de Chirurgie Plastique Reconstructrice et Esth\u00e9tique)<\/a><\/p>\n<p style=\"text-align: center;\"><em>Last update of this page : 06-06-2019<\/em><\/p>\n\n<div class=\"kk-star-ratings\n     kksr-valign-bottom     kksr-align-center    \"\n    data-payload=\"{&quot;align&quot;:&quot;center&quot;,&quot;id&quot;:&quot;1346&quot;,&quot;slug&quot;:&quot;default&quot;,&quot;valign&quot;:&quot;bottom&quot;,&quot;reference&quot;:&quot;auto&quot;,&quot;count&quot;:&quot;19&quot;,&quot;readonly&quot;:&quot;&quot;,&quot;score&quot;:&quot;4.8&quot;,&quot;best&quot;:&quot;5&quot;,&quot;gap&quot;:&quot;4&quot;,&quot;greet&quot;:&quot;Noter cette page&quot;,&quot;legend&quot;:&quot;4.8\\\/5 - (19 votes)&quot;,&quot;size&quot;:&quot;14&quot;,&quot;width&quot;:&quot;84.4&quot;,&quot;_legend&quot;:&quot;{score}\\\/{best} - ({count} {votes})&quot;}\">\n    \n<div class=\"kksr-stars\">\n    \n<div class=\"kksr-stars-inactive\">\n            <div class=\"kksr-star\" data-star=\"1\" style=\"padding-right: 4px\">\n            \n\n<div class=\"kksr-icon\" style=\"width: 14px; height: 14px;\"><\/div>\n        <\/div>\n            <div class=\"kksr-star\" data-star=\"2\" style=\"padding-right: 4px\">\n            \n\n<div class=\"kksr-icon\" style=\"width: 14px; height: 14px;\"><\/div>\n        <\/div>\n            <div class=\"kksr-star\" data-star=\"3\" style=\"padding-right: 4px\">\n            \n\n<div class=\"kksr-icon\" style=\"width: 14px; height: 14px;\"><\/div>\n        <\/div>\n            <div class=\"kksr-star\" data-star=\"4\" style=\"padding-right: 4px\">\n            \n\n<div class=\"kksr-icon\" style=\"width: 14px; height: 14px;\"><\/div>\n        <\/div>\n            <div class=\"kksr-star\" data-star=\"5\" style=\"padding-right: 4px\">\n            \n\n<div class=\"kksr-icon\" style=\"width: 14px; height: 14px;\"><\/div>\n        <\/div>\n    <\/div>\n    \n<div class=\"kksr-stars-active\" style=\"width: 84.4px;\">\n            <div class=\"kksr-star\" style=\"padding-right: 4px\">\n            \n\n<div class=\"kksr-icon\" style=\"width: 14px; height: 14px;\"><\/div>\n        <\/div>\n            <div class=\"kksr-star\" style=\"padding-right: 4px\">\n            \n\n<div class=\"kksr-icon\" style=\"width: 14px; height: 14px;\"><\/div>\n        <\/div>\n            <div class=\"kksr-star\" style=\"padding-right: 4px\">\n            \n\n<div class=\"kksr-icon\" style=\"width: 14px; height: 14px;\"><\/div>\n        <\/div>\n            <div class=\"kksr-star\" style=\"padding-right: 4px\">\n            \n\n<div class=\"kksr-icon\" style=\"width: 14px; height: 14px;\"><\/div>\n        <\/div>\n            <div class=\"kksr-star\" style=\"padding-right: 4px\">\n            \n\n<div class=\"kksr-icon\" style=\"width: 14px; height: 14px;\"><\/div>\n        <\/div>\n    <\/div>\n<\/div>\n    \n<div class=\"kksr-legend\">\n            4.8\/5 - (19 votes)    <\/div>\n<\/div>\n\n\n","protected":false},"excerpt":{"rendered":"<p>What is a lipofilling? During a lipofilling, fat is removed in areas where it is excessive. The removal of the adipose tissue is performed atraumatically by a micro-incision hidden in natural folds, with a very thin suction cannula. Then the fat cells are &#8220;purified&#8221; and re-injected into the dermis under wrinkles, or in the subcutaneous&#8230;<\/p>\n","protected":false},"author":5,"featured_media":0,"parent":0,"menu_order":62,"comment_status":"closed","ping_status":"closed","template":"","meta":[],"acf":[],"yoast_head":"<!-- This site is optimized with the Yoast SEO plugin v18.3 - https:\/\/yoast.com\/wordpress\/plugins\/seo\/ -->\n<title>Lipofillings - Policlinique Esth\u00e9tique Marigny Vincennes<\/title>\n<meta name=\"description\" content=\"The final results of a lipofilling appear within 3 months after surgery.\" \/>\n<meta name=\"robots\" content=\"index, follow, max-snippet:-1, max-image-preview:large, max-video-preview:-1\" \/>\n<link rel=\"canonical\" href=\"https:\/\/excellence-esthetique.fr\/en\/lipofillings\/\" \/>\n<meta property=\"og:locale\" content=\"en_US\" \/>\n<meta property=\"og:type\" content=\"article\" \/>\n<meta property=\"og:title\" content=\"Lipofillings - Policlinique Esth\u00e9tique Marigny Vincennes\" \/>\n<meta property=\"og:description\" content=\"The final results of a lipofilling appear within 3 months after surgery.\" \/>\n<meta property=\"og:url\" content=\"https:\/\/excellence-esthetique.fr\/en\/lipofillings\/\" \/>\n<meta property=\"og:site_name\" content=\"Chirurgien rhinoplastie Paris : Dr Gerbault\" \/>\n<meta property=\"article:publisher\" content=\"https:\/\/www.facebook.com\/Dr.Gerbault\/\" \/>\n<meta property=\"article:modified_time\" content=\"2019-06-25T00:38:08+00:00\" \/>\n<meta property=\"og:image\" content=\"https:\/\/excellence-esthetique.fr\/wp-content\/uploads\/logo.jpg\" \/>\n\t<meta property=\"og:image:width\" content=\"600\" \/>\n\t<meta property=\"og:image:height\" content=\"334\" \/>\n\t<meta property=\"og:image:type\" content=\"image\/jpeg\" \/>\n<meta name=\"twitter:card\" content=\"summary_large_image\" \/>\n<meta name=\"twitter:site\" content=\"@Dr_Gerbault\" \/>\n<meta name=\"twitter:label1\" content=\"Est. reading time\" \/>\n\t<meta name=\"twitter:data1\" content=\"3 minutes\" \/>\n<script type=\"application\/ld+json\" class=\"yoast-schema-graph\">{\"@context\":\"https:\/\/schema.org\",\"@graph\":[{\"@type\":[\"Organization\",\"Place\",\"PlasticSurgery\"],\"@id\":\"https:\/\/excellence-esthetique.fr\/fr\/#organization\",\"name\":\"Chirurgien rhinoplastie Paris : Dr Gerbault\",\"url\":\"https:\/\/excellence-esthetique.fr\/fr\/\",\"sameAs\":[\"https:\/\/www.facebook.com\/Dr.Gerbault\/\",\"https:\/\/www.instagram.com\/dr_gerbault_rhinoplastie_paris\/\",\"https:\/\/www.linkedin.com\/in\/oliviergerbault\/\",\"https:\/\/www.youtube.com\/GERBOLIVIER\",\"https:\/\/twitter.com\/Dr_Gerbault\"],\"logo\":{\"@id\":\"https:\/\/excellence-esthetique.fr\/en\/lipofillings\/#local-main-organization-logo\"},\"image\":{\"@id\":\"https:\/\/excellence-esthetique.fr\/en\/lipofillings\/#local-main-organization-logo\"},\"address\":{\"@id\":\"https:\/\/excellence-esthetique.fr\/en\/lipofillings\/#local-main-place-address\"},\"geo\":{\"@type\":\"GeoCoordinates\",\"latitude\":\"48.86772289599891\",\"longitude\":\"2.2794640614090103\"},\"telephone\":[\"+33153663030\"],\"openingHoursSpecification\":{\"@type\":\"OpeningHoursSpecification\",\"dayOfWeek\":[\"Monday\",\"Tuesday\",\"Wednesday\",\"Thursday\",\"Friday\",\"Saturday\",\"Sunday\"],\"opens\":\"00:00\",\"closes\":\"23:59\"},\"areaServed\":\"France\",\"vatID\":\"FR54488777194\",\"taxID\":\"FR54488777194\",\"priceRange\":\"$$$$\"},{\"@type\":\"WebSite\",\"@id\":\"https:\/\/excellence-esthetique.fr\/fr\/#website\",\"url\":\"https:\/\/excellence-esthetique.fr\/fr\/\",\"name\":\"Chirurgien rhinoplastie Paris : Dr Gerbault\",\"description\":\"\",\"publisher\":{\"@id\":\"https:\/\/excellence-esthetique.fr\/fr\/#organization\"},\"potentialAction\":[{\"@type\":\"SearchAction\",\"target\":{\"@type\":\"EntryPoint\",\"urlTemplate\":\"https:\/\/excellence-esthetique.fr\/fr\/?s={search_term_string}\"},\"query-input\":\"required name=search_term_string\"}],\"inLanguage\":\"en-FR\"},{\"@type\":[\"WebPage\",\"MedicalWebPage\"],\"@id\":\"https:\/\/excellence-esthetique.fr\/en\/lipofillings\/#webpage\",\"url\":\"https:\/\/excellence-esthetique.fr\/en\/lipofillings\/\",\"name\":\"Lipofillings - Policlinique Esth\u00e9tique Marigny Vincennes\",\"isPartOf\":{\"@id\":\"https:\/\/excellence-esthetique.fr\/fr\/#website\"},\"datePublished\":\"2015-11-25T10:24:00+00:00\",\"dateModified\":\"2019-06-25T00:38:08+00:00\",\"description\":\"The final results of a lipofilling appear within 3 months after surgery.\",\"breadcrumb\":{\"@id\":\"https:\/\/excellence-esthetique.fr\/en\/lipofillings\/#breadcrumb\"},\"inLanguage\":\"en-FR\",\"potentialAction\":[{\"@type\":\"ReadAction\",\"target\":[\"https:\/\/excellence-esthetique.fr\/en\/lipofillings\/\"]}]},{\"@type\":\"BreadcrumbList\",\"@id\":\"https:\/\/excellence-esthetique.fr\/en\/lipofillings\/#breadcrumb\",\"itemListElement\":[{\"@type\":\"ListItem\",\"position\":1,\"name\":\"Chirurgie esth\u00e9tique Paris\",\"item\":\"https:\/\/excellence-esthetique.fr\/en\/\"},{\"@type\":\"ListItem\",\"position\":2,\"name\":\"Lipofillings\"}]},{\"@type\":\"PostalAddress\",\"@id\":\"https:\/\/excellence-esthetique.fr\/en\/lipofillings\/#local-main-place-address\",\"streetAddress\":\"138 avenue Victor Hugo\",\"addressLocality\":\"Paris\",\"postalCode\":\"75116\",\"addressCountry\":\"FR\"},{\"@type\":\"ImageObject\",\"@id\":\"https:\/\/excellence-esthetique.fr\/en\/lipofillings\/#local-main-organization-logo\",\"inLanguage\":\"en-FR\",\"url\":\"https:\/\/excellence-esthetique.fr\/wp-content\/uploads\/logo.jpg\",\"contentUrl\":\"https:\/\/excellence-esthetique.fr\/wp-content\/uploads\/logo.jpg\",\"width\":600,\"height\":334,\"caption\":\"Chirurgien rhinoplastie Paris : Dr Gerbault\"}]}<\/script>\n<meta name=\"geo.placename\" content=\"Paris\" \/>\n<meta name=\"geo.position\" content=\"48.86772289599891;2.2794640614090103\" \/>\n<meta name=\"geo.region\" content=\"France\" \/>\n<!-- \/ Yoast SEO plugin. -->","yoast_head_json":{"title":"Lipofillings - Policlinique Esth\u00e9tique Marigny Vincennes","description":"The final results of a lipofilling appear within 3 months after surgery.","robots":{"index":"index","follow":"follow","max-snippet":"max-snippet:-1","max-image-preview":"max-image-preview:large","max-video-preview":"max-video-preview:-1"},"canonical":"https:\/\/excellence-esthetique.fr\/en\/lipofillings\/","og_locale":"en_US","og_type":"article","og_title":"Lipofillings - Policlinique Esth\u00e9tique Marigny Vincennes","og_description":"The final results of a lipofilling appear within 3 months after surgery.","og_url":"https:\/\/excellence-esthetique.fr\/en\/lipofillings\/","og_site_name":"Chirurgien rhinoplastie Paris : Dr Gerbault","article_publisher":"https:\/\/www.facebook.com\/Dr.Gerbault\/","article_modified_time":"2019-06-25T00:38:08+00:00","og_image":[{"width":600,"height":334,"url":"https:\/\/excellence-esthetique.fr\/wp-content\/uploads\/logo.jpg","type":"image\/jpeg"}],"twitter_card":"summary_large_image","twitter_site":"@Dr_Gerbault","twitter_misc":{"Est. reading time":"3 minutes"},"schema":{"@context":"https:\/\/schema.org","@graph":[{"@type":["Organization","Place","PlasticSurgery"],"@id":"https:\/\/excellence-esthetique.fr\/fr\/#organization","name":"Chirurgien rhinoplastie Paris : Dr Gerbault","url":"https:\/\/excellence-esthetique.fr\/fr\/","sameAs":["https:\/\/www.facebook.com\/Dr.Gerbault\/","https:\/\/www.instagram.com\/dr_gerbault_rhinoplastie_paris\/","https:\/\/www.linkedin.com\/in\/oliviergerbault\/","https:\/\/www.youtube.com\/GERBOLIVIER","https:\/\/twitter.com\/Dr_Gerbault"],"logo":{"@id":"https:\/\/excellence-esthetique.fr\/en\/lipofillings\/#local-main-organization-logo"},"image":{"@id":"https:\/\/excellence-esthetique.fr\/en\/lipofillings\/#local-main-organization-logo"},"address":{"@id":"https:\/\/excellence-esthetique.fr\/en\/lipofillings\/#local-main-place-address"},"geo":{"@type":"GeoCoordinates","latitude":"48.86772289599891","longitude":"2.2794640614090103"},"telephone":["+33153663030","+33153663030"],"openingHoursSpecification":{"@type":"OpeningHoursSpecification","dayOfWeek":["Monday","Tuesday","Wednesday","Thursday","Friday","Saturday","Sunday"],"opens":"00:00","closes":"23:59"},"areaServed":"France","vatID":"FR54488777194","taxID":"FR54488777194","priceRange":"$$$$"},{"@type":"WebSite","@id":"https:\/\/excellence-esthetique.fr\/fr\/#website","url":"https:\/\/excellence-esthetique.fr\/fr\/","name":"Chirurgien rhinoplastie Paris : Dr Gerbault","description":"","publisher":{"@id":"https:\/\/excellence-esthetique.fr\/fr\/#organization"},"potentialAction":[{"@type":"SearchAction","target":{"@type":"EntryPoint","urlTemplate":"https:\/\/excellence-esthetique.fr\/fr\/?s={search_term_string}"},"query-input":"required name=search_term_string"}],"inLanguage":"en-FR"},{"@type":["WebPage","MedicalWebPage"],"@id":"https:\/\/excellence-esthetique.fr\/en\/lipofillings\/#webpage","url":"https:\/\/excellence-esthetique.fr\/en\/lipofillings\/","name":"Lipofillings - Policlinique Esth\u00e9tique Marigny Vincennes","isPartOf":{"@id":"https:\/\/excellence-esthetique.fr\/fr\/#website"},"datePublished":"2015-11-25T10:24:00+00:00","dateModified":"2019-06-25T00:38:08+00:00","description":"The final results of a lipofilling appear within 3 months after surgery.","breadcrumb":{"@id":"https:\/\/excellence-esthetique.fr\/en\/lipofillings\/#breadcrumb"},"inLanguage":"en-FR","potentialAction":[{"@type":"ReadAction","target":["https:\/\/excellence-esthetique.fr\/en\/lipofillings\/"]}]},{"@type":"BreadcrumbList","@id":"https:\/\/excellence-esthetique.fr\/en\/lipofillings\/#breadcrumb","itemListElement":[{"@type":"ListItem","position":1,"name":"Chirurgie esth\u00e9tique Paris","item":"https:\/\/excellence-esthetique.fr\/en\/"},{"@type":"ListItem","position":2,"name":"Lipofillings"}]},{"@type":"PostalAddress","@id":"https:\/\/excellence-esthetique.fr\/en\/lipofillings\/#local-main-place-address","streetAddress":"138 avenue Victor Hugo","addressLocality":"Paris","postalCode":"75116","addressCountry":"FR"},{"@type":"ImageObject","@id":"https:\/\/excellence-esthetique.fr\/en\/lipofillings\/#local-main-organization-logo","inLanguage":"en-FR","url":"https:\/\/excellence-esthetique.fr\/wp-content\/uploads\/logo.jpg","contentUrl":"https:\/\/excellence-esthetique.fr\/wp-content\/uploads\/logo.jpg","width":600,"height":334,"caption":"Chirurgien rhinoplastie Paris : Dr Gerbault"}]},"geo.placename":"Paris","geo.position":{"lat":"48.86772289599891","long":"2.2794640614090103"},"geo.region":"France"},"_links":{"self":[{"href":"https:\/\/excellence-esthetique.fr\/en\/wp-json\/wp\/v2\/pages\/1346"}],"collection":[{"href":"https:\/\/excellence-esthetique.fr\/en\/wp-json\/wp\/v2\/pages"}],"about":[{"href":"https:\/\/excellence-esthetique.fr\/en\/wp-json\/wp\/v2\/types\/page"}],"author":[{"embeddable":true,"href":"https:\/\/excellence-esthetique.fr\/en\/wp-json\/wp\/v2\/users\/5"}],"replies":[{"embeddable":true,"href":"https:\/\/excellence-esthetique.fr\/en\/wp-json\/wp\/v2\/comments?post=1346"}],"version-history":[{"count":0,"href":"https:\/\/excellence-esthetique.fr\/en\/wp-json\/wp\/v2\/pages\/1346\/revisions"}],"wp:attachment":[{"href":"https:\/\/excellence-esthetique.fr\/en\/wp-json\/wp\/v2\/media?parent=1346"}],"curies":[{"name":"wp","href":"https:\/\/api.w.org\/{rel}","templated":true}]}}