{"id":26,"date":"2023-06-03T00:00:20","date_gmt":"2023-06-02T23:00:20","guid":{"rendered":"https:\/\/excellence-esthetique.fr\/?page_id=26"},"modified":"2023-06-03T12:03:48","modified_gmt":"2023-06-03T11:03:48","slug":"toxine-botulique","status":"publish","type":"page","link":"https:\/\/excellence-esthetique.fr\/fr\/toxine-botulique\/","title":{"rendered":"Botox \ud83d\udc89 la toxine botulique"},"content":{"rendered":"<p><figure style=\"width: 590px\" class=\"wp-caption aligncenter\"><img loading=\"lazy\" src=\"https:\/\/excellence-esthetique.fr\/wp-content\/uploads\/zones-injection-botox-1.jpg\" alt=\"Zones d'injection de botox\" width=\"590\" height=\"375\"><figcaption class=\"wp-caption-text\">Zones d'injection de botox<\/figcaption><\/figure>\n<\/p><hr>\n<h2 style=\"text-align: left;\">Qu'est-ce que la toxine botulique ?<\/h2>\n<ul style=\"text-align: left;\">\n<li>La <strong>toxine botulique<\/strong> de type A, aussi appel\u00e9e <strong>Botox \ud83d\udc89<\/strong>, a le r\u00f4le de bloquer de mani\u00e8re temporaire la lib\u00e9ration d'une substance chimique qui provoque la contraction des muscles : <strong>l'ac\u00e9tylcholine<\/strong>.<\/li>\n<li>C'est cette contraction musculaire qui est \u00e0 l'origine des <strong>rides dynaliques<\/strong>.<\/li>\n<\/ul>\n<hr>\n<h2 style=\"text-align: left;\">Pourquoi avoir recours \u00e0 une injection de toxine botulique ?<\/h2>\n<ul style=\"text-align: left;\">\n<li>L'action de la toxine est de bloquer transitoirement la conduction nerveuse au sein des muscles inject\u00e9s, ce qui se traduit par un affaiblissement momentan\u00e9 des muscles trait\u00e9s.<\/li>\n<li>Cela permet soit d'<strong>att\u00e9nuer des rides<\/strong>, par exemple celles du front ou celles du contour des yeux ; soit de remonter l\u00e9g\u00e8rement certains \u00e9l\u00e9ments du visage, notamment les sourcils, le coin de la bouche, etc.<\/li>\n<\/ul>\n<hr>\n<h2 style=\"text-align: left;\">Quelles sont les \u00e9tapes d'une injection de Botox \ud83d\udc89 ?<\/h2>\n<h3 style=\"text-align: left;\">La consultation :<\/h3>\n<ul style=\"text-align: left;\">\n<li>Lors de la premi\u00e8re consultation, votre chirurgien a pris connaissance de <strong>vos d\u00e9sirs<\/strong> : volumes, formes, emplacements des rides, etc.<\/li>\n<li>Apr\u00e8s vous avoir examin\u00e9 (chaque groupe de muscles est \u00e9tudi\u00e9 s\u00e9par\u00e9ment, grimaces diverses, etc.), il vous informe des diff\u00e9rentes possibilit\u00e9s adapt\u00e9es \u00e0 votre cas.<\/li>\n<li>Le chirurgien commence par proc\u00e9der \u00e0 un rep\u00e9rage pr\u00e9cis des zones d'injection du <a href=\"https:\/\/excellence-esthetique.fr\/fr\/produits-de-comblement\/\">produit de comblement<\/a>.<\/li>\n<li>Il vous informe \u00e9galement des contre-indications \u00e0 l'injection de toxine botulique (autre m\u00e9dication, allergie, hypersensibilit\u00e9, troubles de l'activit\u00e9 musculaire, etc.).<\/li>\n<li>Des <strong>photographies<\/strong> sont effectu\u00e9es afin de pouvoir suivre l\u2019\u00e9volution morphologique du visage.<\/li>\n<\/ul>\n<h3 style=\"text-align: left;\">L\u2019intervention :<\/h3>\n<ul style=\"text-align: left;\">\n<li>Les injections doivent \u00eatre pratiqu\u00e9es plusieurs fois avec des intervalles de 3 \u00e0 6 mois afin d'obtenir une certaine stabilit\u00e9 du r\u00e9sultat.<\/li>\n<li>A partir de la deuxi\u00e8me injection, les r\u00e9sultats peuvent \u00eatre plus durables (6-8 mois).<\/li>\n<li>A l'inverse, il convient de remarquer que si l'on arr\u00eate les injections, le muscle trait\u00e9 retrouve sa fonction d'avant les injections.<\/li>\n<\/ul>\n<h3 style=\"text-align: left;\">Les suites de l\u2019injection :<\/h3>\n<ul style=\"text-align: left;\">\n<li>Pendant les deux heures qui suivent les injections, il vous est recommand\u00e9 de ne pas faire de sport intensif.<\/li>\n<li>Il convient \u00e9galement d'\u00e9viter les massages appuy\u00e9s pendant les 24 heures qui suivent la s\u00e9ance.<\/li>\n<li>Les zones d'injection sont l\u00e9g\u00e8rement gonfl\u00e9es pendant l'heure qui suit l'injection, vous pouvez reprendre une activit\u00e9 sociale ou professionnelle quasiment dans la foul\u00e9e.<\/li>\n<li>L'effet du produit sera stabilis\u00e9 sous 2 semaines.<\/li>\n<li>Un \"contr\u00f4le\" \u00e0 15 jours peut \u00eatre\u00a0fait\u00a0avec le patient afin de\u00a0corriger \u00e9ventuellement quelques asym\u00e9tries r\u00e9siduelles. C'est la s\u00e9ance qui permet d'\u00e9valuer les effets\u00a0de l'injection.<\/li>\n<li>Des photos \"apr\u00e8s\" sont compar\u00e9es aux photos \"avant\" et conserv\u00e9es par le praticien.<\/li>\n<\/ul>\n<p style=\"text-align: left;\">Comme tout m\u00e9dicament, l'injection de toxine botulique est susceptible d'avoir des effets ind\u00e9sirables : une r\u00e9action allergique peut exceptionnellement survenir et se caract\u00e9riser par des sympt\u00f4mes tels que : douleur, sensibilit\u00e9 exacerb\u00e9e, d\u00e9mangeaison, gonflement ou ecchymose.<\/p>\n<hr>\n<h2 style=\"text-align: left;\">Quel est le prix d'une injection de Botox \ud83d\udc89 ?<\/h2>\n<p style=\"text-align: left;\">Vous pouvez retrouver les tarifs pratiqu\u00e9s par la Policlinique Esth\u00e9tique Marigny Vincennes ici :\u00a0<a href=\"https:\/\/excellence-esthetique.fr\/fr\/dr-gerbault\/#medecine-esthetique\">tarifs de m\u00e9decine esth\u00e9tique<\/a>.<\/p>\n<hr>\n<p style=\"text-align: left;\"><a href=\"https:\/\/excellence-esthetique.fr\/wp-content\/uploads\/503.pdf\" target=\"_blank\" rel=\"noopener noreferrer\">Fiche d'information SoFCPRE (Soci\u00e9t\u00e9 Fran\u00e7aise de Chirurgie Plastique Reconstructrice et Esth\u00e9tique)<\/a><\/p>\n<p style=\"text-align: center;\"><em>Derni\u00e8re modification :\u00a0<time datetime=\"2023-06-03\">3 juin 2023<\/time><\/em><\/p>\n\n<div class=\"kk-star-ratings\n     kksr-valign-bottom     kksr-align-center    \"\n    data-payload=\"{&quot;align&quot;:&quot;center&quot;,&quot;id&quot;:&quot;26&quot;,&quot;slug&quot;:&quot;default&quot;,&quot;valign&quot;:&quot;bottom&quot;,&quot;reference&quot;:&quot;auto&quot;,&quot;count&quot;:&quot;234&quot;,&quot;readonly&quot;:&quot;&quot;,&quot;score&quot;:&quot;4.8&quot;,&quot;best&quot;:&quot;5&quot;,&quot;gap&quot;:&quot;4&quot;,&quot;greet&quot;:&quot;Noter cette page&quot;,&quot;legend&quot;:&quot;4.8\\\/5 - (234 votes)&quot;,&quot;size&quot;:&quot;14&quot;,&quot;width&quot;:&quot;84.4&quot;,&quot;_legend&quot;:&quot;{score}\\\/{best} - ({count} {votes})&quot;}\">\n    \n<div class=\"kksr-stars\">\n    \n<div class=\"kksr-stars-inactive\">\n            <div class=\"kksr-star\" data-star=\"1\" style=\"padding-right: 4px\">\n            \n\n<div class=\"kksr-icon\" style=\"width: 14px; height: 14px;\"><\/div>\n        <\/div>\n            <div class=\"kksr-star\" data-star=\"2\" style=\"padding-right: 4px\">\n            \n\n<div class=\"kksr-icon\" style=\"width: 14px; height: 14px;\"><\/div>\n        <\/div>\n            <div class=\"kksr-star\" data-star=\"3\" style=\"padding-right: 4px\">\n            \n\n<div class=\"kksr-icon\" style=\"width: 14px; height: 14px;\"><\/div>\n        <\/div>\n            <div class=\"kksr-star\" data-star=\"4\" style=\"padding-right: 4px\">\n            \n\n<div class=\"kksr-icon\" style=\"width: 14px; height: 14px;\"><\/div>\n        <\/div>\n            <div class=\"kksr-star\" data-star=\"5\" style=\"padding-right: 4px\">\n            \n\n<div class=\"kksr-icon\" style=\"width: 14px; height: 14px;\"><\/div>\n        <\/div>\n    <\/div>\n    \n<div class=\"kksr-stars-active\" style=\"width: 84.4px;\">\n            <div class=\"kksr-star\" style=\"padding-right: 4px\">\n            \n\n<div class=\"kksr-icon\" style=\"width: 14px; height: 14px;\"><\/div>\n        <\/div>\n            <div class=\"kksr-star\" style=\"padding-right: 4px\">\n            \n\n<div class=\"kksr-icon\" style=\"width: 14px; height: 14px;\"><\/div>\n        <\/div>\n            <div class=\"kksr-star\" style=\"padding-right: 4px\">\n            \n\n<div class=\"kksr-icon\" style=\"width: 14px; height: 14px;\"><\/div>\n        <\/div>\n            <div class=\"kksr-star\" style=\"padding-right: 4px\">\n            \n\n<div class=\"kksr-icon\" style=\"width: 14px; height: 14px;\"><\/div>\n        <\/div>\n            <div class=\"kksr-star\" style=\"padding-right: 4px\">\n            \n\n<div class=\"kksr-icon\" style=\"width: 14px; height: 14px;\"><\/div>\n        <\/div>\n    <\/div>\n<\/div>\n    \n<div class=\"kksr-legend\">\n            4.8\/5 - (234 votes)    <\/div>\n<\/div>\n\n\n","protected":false},"excerpt":{"rendered":"<p>Qu&rsquo;est-ce que la toxine botulique ? La toxine botulique de type A, aussi appel\u00e9e Botox \ud83d\udc89, a le r\u00f4le de bloquer de mani\u00e8re temporaire la lib\u00e9ration d&rsquo;une substance chimique qui provoque la contraction des muscles : l&rsquo;ac\u00e9tylcholine. C&rsquo;est cette contraction musculaire qui est \u00e0 l&rsquo;origine des rides dynaliques. Pourquoi avoir recours \u00e0 une injection de&#8230;<\/p>\n","protected":false},"author":5,"featured_media":6555,"parent":0,"menu_order":16,"comment_status":"closed","ping_status":"closed","template":"","meta":[],"acf":[],"yoast_head":"<!-- This site is optimized with the Yoast SEO plugin v18.3 - https:\/\/yoast.com\/wordpress\/plugins\/seo\/ -->\n<title>Injection de botox \ud83d\udc89 Paris : avis, prix, \u00e9tapes, effets secondaires... \u2705<\/title>\n<meta name=\"description\" content=\"La toxine botulique bloque temporairement la substance chimique qui provoque la contraction des muscles : l&#039;ac\u00e9tylcholine originaire des rides dynaliques...\" \/>\n<meta name=\"robots\" content=\"index, follow, max-snippet:-1, max-image-preview:large, max-video-preview:-1\" \/>\n<link rel=\"canonical\" href=\"https:\/\/excellence-esthetique.fr\/fr\/toxine-botulique\/\" \/>\n<meta property=\"og:locale\" content=\"fr_FR\" \/>\n<meta property=\"og:type\" content=\"article\" \/>\n<meta property=\"og:title\" content=\"Injection de botox \ud83d\udc89 Paris : avis, prix, \u00e9tapes, effets secondaires... \u2705\" \/>\n<meta property=\"og:description\" content=\"La toxine botulique bloque temporairement la substance chimique qui provoque la contraction des muscles : l&#039;ac\u00e9tylcholine originaire des rides dynaliques...\" \/>\n<meta property=\"og:url\" content=\"https:\/\/excellence-esthetique.fr\/fr\/toxine-botulique\/\" \/>\n<meta property=\"og:site_name\" content=\"Chirurgien rhinoplastie Paris : Dr Gerbault\" \/>\n<meta property=\"article:publisher\" content=\"https:\/\/www.facebook.com\/Dr.Gerbault\/\" \/>\n<meta property=\"article:modified_time\" content=\"2023-06-03T11:03:48+00:00\" \/>\n<meta property=\"og:image\" content=\"https:\/\/excellence-esthetique.fr\/wp-content\/uploads\/zones-injection-botox-1.jpg\" \/>\n\t<meta property=\"og:image:width\" content=\"590\" \/>\n\t<meta property=\"og:image:height\" content=\"375\" \/>\n\t<meta property=\"og:image:type\" content=\"image\/jpeg\" \/>\n<meta name=\"twitter:card\" content=\"summary_large_image\" \/>\n<meta name=\"twitter:site\" content=\"@Dr_Gerbault\" \/>\n<meta name=\"twitter:label1\" content=\"Dur\u00e9e de lecture estim\u00e9e\" \/>\n\t<meta name=\"twitter:data1\" content=\"3 minutes\" \/>\n<script type=\"application\/ld+json\" class=\"yoast-schema-graph\">{\"@context\":\"https:\/\/schema.org\",\"@graph\":[{\"@type\":[\"Person\",\"Organization\",\"Physician\"],\"@id\":\"https:\/\/excellence-esthetique.fr\/fr\/#\/schema\/person\/18e47300fb6bb54eaa76163c6c3d5f86\",\"name\":\"Dr Olivier Gerbault\",\"image\":{\"@type\":\"ImageObject\",\"@id\":\"https:\/\/excellence-esthetique.fr\/fr\/#personlogo\",\"inLanguage\":\"fr-FR\",\"url\":\"https:\/\/excellence-esthetique.fr\/wp-content\/uploads\/Dr-Gerbault-1-e1778111701214.jpg\",\"contentUrl\":\"https:\/\/excellence-esthetique.fr\/wp-content\/uploads\/Dr-Gerbault-1-e1778111701214.jpg\",\"width\":1600,\"height\":1283,\"caption\":\"Dr Olivier Gerbault\"},\"logo\":{\"@id\":\"https:\/\/excellence-esthetique.fr\/fr\/#personlogo\"},\"sameAs\":[\"https:\/\/www.facebook.com\/Dr.Gerbault\/\",\"https:\/\/www.instagram.com\/dr_gerbault_rhinoplastie_paris\/\",\"https:\/\/www.linkedin.com\/in\/oliviergerbault\/\",\"https:\/\/twitter.com\/Dr_Gerbault\",\"https:\/\/www.youtube.com\/channel\/UCEe5FdN1eZE5T2E_8ndZjfw\",\"https:\/\/orcid.org\/0000-0001-9608-9932\",\"https:\/\/viaf.org\/viaf\/90742815\",\"https:\/\/isni.org\/isni\/0000000065076808\",\"https:\/\/catalogue.bnf.fr\/ark:\/12148\/cb160725845\",\"https:\/\/www.idref.fr\/130190098\",\"https:\/\/www.wikidata.org\/wiki\/Q66580062\",\"https:\/\/www.google.com\/search?kgmid=\/g\/11f0ymygvn\"],\"givenName\":\"Olivier\",\"familyName\":\"Gerbault\",\"honorificPrefix\":\"Dr\",\"gender\":\"https:\/\/schema.org\/Male\",\"birthDate\":\"1966-02-21\",\"birthPlace\":{\"@type\":\"Place\",\"name\":\"Paris, France\"},\"nationality\":{\"@type\":\"Country\",\"name\":\"France\"},\"knowsLanguage\":[\"fr\",\"en\"],\"medicalSpecialty\":\"PlasticSurgery\",\"jobTitle\":\"Chirurgien plasticien\",\"description\":\"Chirurgien plasticien fran\u00e7ais exer\u00e7ant \u00e0 Paris, inventeur de la rhinoplastie ultrasonique (2013). Professeur de la Soci\u00e9t\u00e9 Internationale de Chirurgie Plastique et Esth\u00e9tique (ISAPS), vice-pr\u00e9sident de la Rhinoplasty Society of Europe et pr\u00e9sident de l'International Rhinoplasty Research Society.\",\"knowsAbout\":[\"Rhinoplastie ultrasonique\",\"Rhinoplastie\",\"Rhinoplastie de pr\u00e9servation\",\"Lifting du visage\",\"Chirurgie mammaire\",\"Liposuccion\",\"Bl\u00e9pharoplastie\"],\"mainEntityOfPage\":\"https:\/\/excellence-esthetique.fr\/fr\/dr-gerbault\/\",\"memberOf\":[{\"@type\":\"Organization\",\"name\":\"International Society of Aesthetic Plastic Surgery\",\"alternateName\":\"ISAPS\",\"url\":\"https:\/\/www.isaps.org\/\"},{\"@type\":\"Organization\",\"name\":\"Rhinoplasty Society of Europe\",\"alternateName\":\"RSE\"},{\"@type\":\"Organization\",\"name\":\"International Rhinoplasty Research Society\",\"alternateName\":\"IRRS\"}],\"worksFor\":{\"@id\":\"https:\/\/excellence-esthetique.fr\/#policlinique-marigny\"}},{\"@type\":\"WebSite\",\"@id\":\"https:\/\/excellence-esthetique.fr\/fr\/#website\",\"url\":\"https:\/\/excellence-esthetique.fr\/fr\/\",\"name\":\"Chirurgien rhinoplastie Paris : Dr Gerbault\",\"description\":\"\",\"publisher\":{\"@id\":\"https:\/\/excellence-esthetique.fr\/fr\/#\/schema\/person\/18e47300fb6bb54eaa76163c6c3d5f86\"},\"potentialAction\":[{\"@type\":\"SearchAction\",\"target\":{\"@type\":\"EntryPoint\",\"urlTemplate\":\"https:\/\/excellence-esthetique.fr\/fr\/?s={search_term_string}\"},\"query-input\":\"required name=search_term_string\"}],\"inLanguage\":\"fr-FR\"},{\"@type\":\"ImageObject\",\"@id\":\"https:\/\/excellence-esthetique.fr\/fr\/toxine-botulique\/#primaryimage\",\"inLanguage\":\"fr-FR\",\"url\":\"https:\/\/excellence-esthetique.fr\/wp-content\/uploads\/zones-injection-botox-1.jpg\",\"contentUrl\":\"https:\/\/excellence-esthetique.fr\/wp-content\/uploads\/zones-injection-botox-1.jpg\",\"width\":590,\"height\":375,\"caption\":\"Botox\"},{\"@type\":[\"WebPage\",\"MedicalWebPage\"],\"@id\":\"https:\/\/excellence-esthetique.fr\/fr\/toxine-botulique\/#webpage\",\"url\":\"https:\/\/excellence-esthetique.fr\/fr\/toxine-botulique\/\",\"name\":\"Injection de botox \ud83d\udc89 Paris : avis, prix, \u00e9tapes, effets secondaires... \u2705\",\"isPartOf\":{\"@id\":\"https:\/\/excellence-esthetique.fr\/fr\/#website\"},\"primaryImageOfPage\":{\"@id\":\"https:\/\/excellence-esthetique.fr\/fr\/toxine-botulique\/#primaryimage\"},\"datePublished\":\"2023-06-02T23:00:20+00:00\",\"dateModified\":\"2023-06-03T11:03:48+00:00\",\"description\":\"La toxine botulique bloque temporairement la substance chimique qui provoque la contraction des muscles : l'ac\u00e9tylcholine originaire des rides dynaliques...\",\"breadcrumb\":{\"@id\":\"https:\/\/excellence-esthetique.fr\/fr\/toxine-botulique\/#breadcrumb\"},\"inLanguage\":\"fr-FR\",\"potentialAction\":[{\"@type\":\"ReadAction\",\"target\":[\"https:\/\/excellence-esthetique.fr\/fr\/toxine-botulique\/\"]}]},{\"@type\":\"BreadcrumbList\",\"@id\":\"https:\/\/excellence-esthetique.fr\/fr\/toxine-botulique\/#breadcrumb\",\"itemListElement\":[{\"@type\":\"ListItem\",\"position\":1,\"name\":\"Chirurgie esth\u00e9tique Paris\",\"item\":\"https:\/\/excellence-esthetique.fr\/fr\/\"},{\"@type\":\"ListItem\",\"position\":2,\"name\":\"Botox \ud83d\udc89\"}]}]}<\/script>\n<!-- \/ Yoast SEO plugin. -->","yoast_head_json":{"title":"Injection de botox \ud83d\udc89 Paris : avis, prix, \u00e9tapes, effets secondaires... \u2705","description":"La toxine botulique bloque temporairement la substance chimique qui provoque la contraction des muscles : l'ac\u00e9tylcholine originaire des rides dynaliques...","robots":{"index":"index","follow":"follow","max-snippet":"max-snippet:-1","max-image-preview":"max-image-preview:large","max-video-preview":"max-video-preview:-1"},"canonical":"https:\/\/excellence-esthetique.fr\/fr\/toxine-botulique\/","og_locale":"fr_FR","og_type":"article","og_title":"Injection de botox \ud83d\udc89 Paris : avis, prix, \u00e9tapes, effets secondaires... \u2705","og_description":"La toxine botulique bloque temporairement la substance chimique qui provoque la contraction des muscles : l'ac\u00e9tylcholine originaire des rides dynaliques...","og_url":"https:\/\/excellence-esthetique.fr\/fr\/toxine-botulique\/","og_site_name":"Chirurgien rhinoplastie Paris : Dr Gerbault","article_publisher":"https:\/\/www.facebook.com\/Dr.Gerbault\/","article_modified_time":"2023-06-03T11:03:48+00:00","og_image":[{"width":590,"height":375,"url":"https:\/\/excellence-esthetique.fr\/wp-content\/uploads\/zones-injection-botox-1.jpg","type":"image\/jpeg"}],"twitter_card":"summary_large_image","twitter_site":"@Dr_Gerbault","twitter_misc":{"Dur\u00e9e de lecture estim\u00e9e":"3 minutes"},"schema":{"@context":"https:\/\/schema.org","@graph":[{"@type":["Person","Organization","Physician"],"@id":"https:\/\/excellence-esthetique.fr\/fr\/#\/schema\/person\/18e47300fb6bb54eaa76163c6c3d5f86","name":"Dr Olivier Gerbault","image":{"@type":"ImageObject","@id":"https:\/\/excellence-esthetique.fr\/fr\/#personlogo","inLanguage":"fr-FR","url":"https:\/\/excellence-esthetique.fr\/wp-content\/uploads\/Dr-Gerbault-1-e1778111701214.jpg","contentUrl":"https:\/\/excellence-esthetique.fr\/wp-content\/uploads\/Dr-Gerbault-1-e1778111701214.jpg","width":1600,"height":1283,"caption":"Dr Olivier Gerbault"},"logo":{"@id":"https:\/\/excellence-esthetique.fr\/fr\/#personlogo"},"sameAs":["https:\/\/www.facebook.com\/Dr.Gerbault\/","https:\/\/www.instagram.com\/dr_gerbault_rhinoplastie_paris\/","https:\/\/www.linkedin.com\/in\/oliviergerbault\/","https:\/\/twitter.com\/Dr_Gerbault","https:\/\/www.youtube.com\/channel\/UCEe5FdN1eZE5T2E_8ndZjfw","https:\/\/orcid.org\/0000-0001-9608-9932","https:\/\/viaf.org\/viaf\/90742815","https:\/\/isni.org\/isni\/0000000065076808","https:\/\/catalogue.bnf.fr\/ark:\/12148\/cb160725845","https:\/\/www.idref.fr\/130190098","https:\/\/www.wikidata.org\/wiki\/Q66580062","https:\/\/www.google.com\/search?kgmid=\/g\/11f0ymygvn"],"givenName":"Olivier","familyName":"Gerbault","honorificPrefix":"Dr","gender":"https:\/\/schema.org\/Male","birthDate":"1966-02-21","birthPlace":{"@type":"Place","name":"Paris, France"},"nationality":{"@type":"Country","name":"France"},"knowsLanguage":["fr","en"],"medicalSpecialty":"PlasticSurgery","jobTitle":"Chirurgien plasticien","description":"Chirurgien plasticien fran\u00e7ais exer\u00e7ant \u00e0 Paris, inventeur de la rhinoplastie ultrasonique (2013). Professeur de la Soci\u00e9t\u00e9 Internationale de Chirurgie Plastique et Esth\u00e9tique (ISAPS), vice-pr\u00e9sident de la Rhinoplasty Society of Europe et pr\u00e9sident de l'International Rhinoplasty Research Society.","knowsAbout":["Rhinoplastie ultrasonique","Rhinoplastie","Rhinoplastie de pr\u00e9servation","Lifting du visage","Chirurgie mammaire","Liposuccion","Bl\u00e9pharoplastie"],"mainEntityOfPage":"https:\/\/excellence-esthetique.fr\/fr\/dr-gerbault\/","memberOf":[{"@type":"Organization","name":"International Society of Aesthetic Plastic Surgery","alternateName":"ISAPS","url":"https:\/\/www.isaps.org\/"},{"@type":"Organization","name":"Rhinoplasty Society of Europe","alternateName":"RSE"},{"@type":"Organization","name":"International Rhinoplasty Research Society","alternateName":"IRRS"}],"worksFor":{"@id":"https:\/\/excellence-esthetique.fr\/#policlinique-marigny"}},{"@type":"WebSite","@id":"https:\/\/excellence-esthetique.fr\/fr\/#website","url":"https:\/\/excellence-esthetique.fr\/fr\/","name":"Chirurgien rhinoplastie Paris : Dr Gerbault","description":"","publisher":{"@id":"https:\/\/excellence-esthetique.fr\/fr\/#\/schema\/person\/18e47300fb6bb54eaa76163c6c3d5f86"},"potentialAction":[{"@type":"SearchAction","target":{"@type":"EntryPoint","urlTemplate":"https:\/\/excellence-esthetique.fr\/fr\/?s={search_term_string}"},"query-input":"required name=search_term_string"}],"inLanguage":"fr-FR"},{"@type":"ImageObject","@id":"https:\/\/excellence-esthetique.fr\/fr\/toxine-botulique\/#primaryimage","inLanguage":"fr-FR","url":"https:\/\/excellence-esthetique.fr\/wp-content\/uploads\/zones-injection-botox-1.jpg","contentUrl":"https:\/\/excellence-esthetique.fr\/wp-content\/uploads\/zones-injection-botox-1.jpg","width":590,"height":375,"caption":"Botox"},{"@type":["WebPage","MedicalWebPage"],"@id":"https:\/\/excellence-esthetique.fr\/fr\/toxine-botulique\/#webpage","url":"https:\/\/excellence-esthetique.fr\/fr\/toxine-botulique\/","name":"Injection de botox \ud83d\udc89 Paris : avis, prix, \u00e9tapes, effets secondaires... \u2705","isPartOf":{"@id":"https:\/\/excellence-esthetique.fr\/fr\/#website"},"primaryImageOfPage":{"@id":"https:\/\/excellence-esthetique.fr\/fr\/toxine-botulique\/#primaryimage"},"datePublished":"2023-06-02T23:00:20+00:00","dateModified":"2023-06-03T11:03:48+00:00","description":"La toxine botulique bloque temporairement la substance chimique qui provoque la contraction des muscles : l'ac\u00e9tylcholine originaire des rides dynaliques...","breadcrumb":{"@id":"https:\/\/excellence-esthetique.fr\/fr\/toxine-botulique\/#breadcrumb"},"inLanguage":"fr-FR","potentialAction":[{"@type":"ReadAction","target":["https:\/\/excellence-esthetique.fr\/fr\/toxine-botulique\/"]}]},{"@type":"BreadcrumbList","@id":"https:\/\/excellence-esthetique.fr\/fr\/toxine-botulique\/#breadcrumb","itemListElement":[{"@type":"ListItem","position":1,"name":"Chirurgie esth\u00e9tique Paris","item":"https:\/\/excellence-esthetique.fr\/fr\/"},{"@type":"ListItem","position":2,"name":"Botox \ud83d\udc89"}]}]}},"_links":{"self":[{"href":"https:\/\/excellence-esthetique.fr\/fr\/wp-json\/wp\/v2\/pages\/26"}],"collection":[{"href":"https:\/\/excellence-esthetique.fr\/fr\/wp-json\/wp\/v2\/pages"}],"about":[{"href":"https:\/\/excellence-esthetique.fr\/fr\/wp-json\/wp\/v2\/types\/page"}],"author":[{"embeddable":true,"href":"https:\/\/excellence-esthetique.fr\/fr\/wp-json\/wp\/v2\/users\/5"}],"replies":[{"embeddable":true,"href":"https:\/\/excellence-esthetique.fr\/fr\/wp-json\/wp\/v2\/comments?post=26"}],"version-history":[{"count":3,"href":"https:\/\/excellence-esthetique.fr\/fr\/wp-json\/wp\/v2\/pages\/26\/revisions"}],"predecessor-version":[{"id":24860,"href":"https:\/\/excellence-esthetique.fr\/fr\/wp-json\/wp\/v2\/pages\/26\/revisions\/24860"}],"wp:featuredmedia":[{"embeddable":true,"href":"https:\/\/excellence-esthetique.fr\/fr\/wp-json\/wp\/v2\/media\/6555"}],"wp:attachment":[{"href":"https:\/\/excellence-esthetique.fr\/fr\/wp-json\/wp\/v2\/media?parent=26"}],"curies":[{"name":"wp","href":"https:\/\/api.w.org\/{rel}","templated":true}]}}