{"id":3853,"date":"2017-07-18T10:53:35","date_gmt":"2017-07-18T09:53:35","guid":{"rendered":"https:\/\/excellence-esthetique.fr\/?page_id=3853"},"modified":"2022-12-09T22:42:30","modified_gmt":"2022-12-09T21:42:30","slug":"chirurgie-et-medecine-esthetique","status":"publish","type":"page","link":"https:\/\/excellence-esthetique.fr\/fr\/chirurgie-et-medecine-esthetique\/","title":{"rendered":"Notre centre : la Policlinique Esth\u00e9tique Marigny Vincennes"},"content":{"rendered":"<p><img loading=\"lazy\" class=\"wp-image-16612 aligncenter\" src=\"https:\/\/excellence-esthetique.fr\/wp-content\/uploads\/clinique-chirurgie-esthetique-2.jpg\" alt=\"Policlinique Esth\u00e9tique Marigny Vincennes\" width=\"869\" height=\"400\" srcset=\"https:\/\/excellence-esthetique.fr\/wp-content\/uploads\/clinique-chirurgie-esthetique-2.jpg 730w, https:\/\/excellence-esthetique.fr\/wp-content\/uploads\/clinique-chirurgie-esthetique-2-350x161.jpg 350w, https:\/\/excellence-esthetique.fr\/wp-content\/uploads\/clinique-chirurgie-esthetique-2-520x239.jpg 520w\" sizes=\"(max-width: 869px) 100vw, 869px\"><\/p>\n<p style=\"text-align: center;\"><em>Bienvenue \u00e0 la <strong>Policlinique Esth\u00e9tique Marigny Vincennes<\/strong>, sp\u00e9cialis\u00e9e en m\u00e9decine et chirurgie esth\u00e9tique, plastique et reconstructive. <\/em><\/p>\n<hr>\n<h2 style=\"text-align: left;\">Le centre esth\u00e9tique<\/h2>\n<p style=\"text-align: left;\">Ce centre a \u00e9t\u00e9 cr\u00e9\u00e9 en 2004 par le <a href=\"https:\/\/excellence-esthetique.fr\/fr\/dr-gerbault\/\">Docteur Gerbault<\/a>, l'inventeur de la <a href=\"https:\/\/excellence-esthetique.fr\/fr\/rhinoplastie-ultrasonique\/\">rhinoplastie ultrasonique<\/a>, afin d'offrir une <strong>approche multidisciplinaire de l'excellence en esth\u00e9tique<\/strong>. Il utilise toutes les proc\u00e9dures m\u00e9dicales et les proc\u00e9dures de chirurgie esth\u00e9tique valid\u00e9es pour leur s\u00e9curit\u00e9 et leur efficacit\u00e9. Les membres de l'\u00e9quipe ont leur expertise en chirurgie et m\u00e9decine esth\u00e9tique et se consacrent \u00e0 l'<strong>excellence des soins<\/strong> aux patients.<\/p>\n<ul>\n<li style=\"text-align: left;\">La <strong>Policlinique Esth\u00e9tique Marigny Vincennes<\/strong> est situ\u00e9e \u00e0 la sortie de m\u00e9tro \"<strong>Ch\u00e2teau de Vincennes<\/strong>\" sur la ligne 1 du m\u00e9tro et \u00e0 500 m\u00e8tres de la gare RER A \"<strong>Vincennes<\/strong>\".<\/li>\n<li style=\"text-align: left;\">Douze lignes de bus ont leur terminus au <strong>Ch\u00e2teau de Vincennes<\/strong>.<\/li>\n<li style=\"text-align: left;\">Deux\u00a0parkings\u00a0sont situ\u00e9s \u00e0 proximit\u00e9\u00a0de la Policlinique.<\/li>\n<li style=\"text-align: left;\">La Policlinique se trouve \u00e0 15 minutes en m\u00e9tro et RER de <strong>Gare de Lyon<\/strong>, \u00e0 30 minutes en train RER de <strong>Gare du Nord<\/strong>, \u00e0 45 minutes de l'<strong>a\u00e9roport Roissy Charles de Gaulle<\/strong>.<\/li>\n<li>Nous recevons r\u00e9guli\u00e8rement des patients venant de toute la France (<a href=\"https:\/\/excellence-esthetique.fr\/fr\">Paris<\/a>, <a href=\"https:\/\/excellence-esthetique.fr\/fr\/rhinoplastie-ultrasonique-marseille.html\">Marseille<\/a>, Bordeaux, <a href=\"https:\/\/excellence-esthetique.fr\/fr\/preservation-rhinoplasty.html\">Nice<\/a>, Lille, <a href=\"https:\/\/excellence-esthetique.fr\/fr\/rhinoplastie-lyon.html\">Lyon<\/a>, Corse, Dom-Tom, etc.), mais aussi du monde entier (<a href=\"https:\/\/excellence-esthetique.fr\/fr\/rhinoplastie-suisse.html\">Suisse<\/a>, Espagne, Belgique, USA, <a href=\"https:\/\/excellence-esthetique.fr\/fr\/france-tunisie-turquie-quel-pays-rhinoplastie.html\">Turquie<\/a>, Br\u00e9sil, etc.).<\/li>\n<\/ul>\n<hr>\n<header>\n<h2 style=\"text-align: left;\">L\u2019\u00e9quipe de la policlinique<\/h2>\n<\/header>\n<p style=\"text-align: left;\">Toute l\u2019\u00e9quipe qui entoure le <strong>Docteur Gerbault<\/strong> est l\u00e0 pour vous accompagner pas \u00e0 pas dans votre d\u00e9marche au sein de la Policlinique. Attentive \u00e0 vos demandes et vos besoins, l\u2019\u00e9quipe est \u00e0 votre enti\u00e8re disposition pour vous permettre de faire vos choix en toute s\u00e9r\u00e9nit\u00e9.<\/p>\n<p style=\"text-align: left;\">Vous \u00eates accueilli (e) au t\u00e9l\u00e9phone et au cabinet par <strong>Myriam<\/strong>, <strong>N\u00e9ry<\/strong> ou <strong>Lyse<\/strong> qui restent \u00e0 votre \u00e9coute pour vous renseigner sur le type d\u2019intervention ou de soin qui vous int\u00e9resse. Pr\u00e9sentes au cabinet de 9h \u00e0 19h toute la semaine, elles sont votre lien privil\u00e9gi\u00e9 avec le <strong>Docteur Gerbault<\/strong>. Soucieuses de votre bien-\u00eatre, elles peuvent r\u00e9pondre \u00e0 toutes vos questions dans chaque \u00e9tape de votre parcours de soins. En dehors des heures d\u2019ouverture du cabinet, vous pouvez les joindre <a href=\"https:\/\/excellence-esthetique.fr\/fr\/contact\/\">ici<\/a>, et une r\u00e9ponse vous sera faite dans les 24 heures.<\/p>\n<p><strong>Elodie<\/strong>, l'office manager de la policlinique, s'occupe de la prise en charge des patients anglophones. <strong>Murielle<\/strong>, l'aide op\u00e9ratoire du Dr Gerbault, prend en charge les patients du Dr Gerbault qui souhaitent b\u00e9n\u00e9ficier de s\u00e9ances d'hypnose ou de sophrologie en vue de l'intervention.<\/p>\n<hr>\n<header>\n<h2>Notre philosophie<\/h2>\n<\/header>\n<p style=\"text-align: left;\">Le <strong>mieux-\u00eatre<\/strong> est l\u2019objectif constant que permet d\u2019approcher cette sp\u00e9cialit\u00e9 passionnante qu\u2019est la chirurgie esth\u00e9tique.<\/p>\n<ul style=\"text-align: left;\">\n<li>Pouvoir apporter du <strong>bonheur<\/strong> aux patients, avec qui nous faisons \u00e9quipe afin de comprendre leurs d\u00e9sirs et leurs appr\u00e9hensions, est un r\u00e9el privil\u00e8ge. Construire ensemble, dans un climat de confiance mutuelle, une <strong>strat\u00e9gie th\u00e9rapeutique<\/strong> raisonnable et adapt\u00e9e, expliquer tous les risques et les cons\u00e9quences de l\u2019acte envisag\u00e9 pour am\u00e9liorer des disgr\u00e2ces tout en gardant une harmonie du visage ou du corps : tel est le pr\u00e9lude indispensable \u00e0 une intervention r\u00e9ussie.<\/li>\n<li>R\u00e9aliser avec ses mains mais aussi avec son c\u0153ur l\u2019acte technique d\u00e9termin\u00e9 avec le patient est un moment de satisfaction personnelle et intense, difficile \u00e0 d\u00e9crire avec des mots.<\/li>\n<li>C\u2019est le fruit d\u2019un apprentissage long et astreignant, mais aussi d\u2019une remise en cause perp\u00e9tuelle des acquis pour se former aux nouveaux concepts, aux nouvelles techniques dans une sp\u00e9cialit\u00e9 jeune et toujours mouvante o\u00f9 les certitudes ne peuvent \u00eatre qu\u2019\u00e9ph\u00e9m\u00e8res.<\/li>\n<li>Dans cet univers souvent guid\u00e9 par l\u2019attrait du \"nouveau\" et o\u00f9 un marketing en qu\u00eate de sensationnel vante chaque semaine de nouvelles techniques affubl\u00e9es de noms pseudo-scientifiques, il est n\u00e9cessaire de privil\u00e9gier les interventions les plus s\u00fbres et celles qui ont vraiment fait leurs preuves.<\/li>\n<li>Enfin, d\u00e9couvrir avec le patient au fil du temps <strong>son nouveau visage<\/strong>, <strong>son nouveau corps<\/strong>, l\u2019accompagner dans <strong>sa nouvelle relation entre son \u00eatre et son image<\/strong>, partager lors du suivi postop\u00e9ratoire ses nouvelles \u00e9motions, mais aussi ses interrogations ou ses moments de doute : telle est l\u2019immense satisfaction que procure chaque nouvelle aventure.<\/li>\n<\/ul>\n<p style=\"text-align: left;\">Contrairement \u00e0 l\u2019image tr\u00e8s r\u00e9ductrice qu\u2019en refl\u00e8tent parfois les m\u00e9dias, <strong>la chirurgie esth\u00e9tique n\u2019a rien \u00e0 vendre, elle a tout \u00e0 donner<\/strong>.<\/p>\n<hr>\n<p style=\"text-align: center;\"><em>Derni\u00e8re modification : <time datetime=\"2022-07-29\">29 juillet 2022<\/time><\/em><\/p>\n\n<div class=\"kk-star-ratings\n     kksr-valign-bottom     kksr-align-center    \"\n    data-payload=\"{&quot;align&quot;:&quot;center&quot;,&quot;id&quot;:&quot;3853&quot;,&quot;slug&quot;:&quot;default&quot;,&quot;valign&quot;:&quot;bottom&quot;,&quot;reference&quot;:&quot;auto&quot;,&quot;count&quot;:&quot;1024&quot;,&quot;readonly&quot;:&quot;&quot;,&quot;score&quot;:&quot;5&quot;,&quot;best&quot;:&quot;5&quot;,&quot;gap&quot;:&quot;4&quot;,&quot;greet&quot;:&quot;Noter cette page&quot;,&quot;legend&quot;:&quot;5\\\/5 - (1024 votes)&quot;,&quot;size&quot;:&quot;14&quot;,&quot;width&quot;:&quot;88&quot;,&quot;_legend&quot;:&quot;{score}\\\/{best} - ({count} {votes})&quot;}\">\n    \n<div class=\"kksr-stars\">\n    \n<div class=\"kksr-stars-inactive\">\n            <div class=\"kksr-star\" data-star=\"1\" style=\"padding-right: 4px\">\n            \n\n<div class=\"kksr-icon\" style=\"width: 14px; height: 14px;\"><\/div>\n        <\/div>\n            <div class=\"kksr-star\" data-star=\"2\" style=\"padding-right: 4px\">\n            \n\n<div class=\"kksr-icon\" style=\"width: 14px; height: 14px;\"><\/div>\n        <\/div>\n            <div class=\"kksr-star\" data-star=\"3\" style=\"padding-right: 4px\">\n            \n\n<div class=\"kksr-icon\" style=\"width: 14px; height: 14px;\"><\/div>\n        <\/div>\n            <div class=\"kksr-star\" data-star=\"4\" style=\"padding-right: 4px\">\n            \n\n<div class=\"kksr-icon\" style=\"width: 14px; height: 14px;\"><\/div>\n        <\/div>\n            <div class=\"kksr-star\" data-star=\"5\" style=\"padding-right: 4px\">\n            \n\n<div class=\"kksr-icon\" style=\"width: 14px; height: 14px;\"><\/div>\n        <\/div>\n    <\/div>\n    \n<div class=\"kksr-stars-active\" style=\"width: 88px;\">\n            <div class=\"kksr-star\" style=\"padding-right: 4px\">\n            \n\n<div class=\"kksr-icon\" style=\"width: 14px; height: 14px;\"><\/div>\n        <\/div>\n            <div class=\"kksr-star\" style=\"padding-right: 4px\">\n            \n\n<div class=\"kksr-icon\" style=\"width: 14px; height: 14px;\"><\/div>\n        <\/div>\n            <div class=\"kksr-star\" style=\"padding-right: 4px\">\n            \n\n<div class=\"kksr-icon\" style=\"width: 14px; height: 14px;\"><\/div>\n        <\/div>\n            <div class=\"kksr-star\" style=\"padding-right: 4px\">\n            \n\n<div class=\"kksr-icon\" style=\"width: 14px; height: 14px;\"><\/div>\n        <\/div>\n            <div class=\"kksr-star\" style=\"padding-right: 4px\">\n            \n\n<div class=\"kksr-icon\" style=\"width: 14px; height: 14px;\"><\/div>\n        <\/div>\n    <\/div>\n<\/div>\n    \n<div class=\"kksr-legend\">\n            5\/5 - (1024 votes)    <\/div>\n<\/div>\n\n\n","protected":false},"excerpt":{"rendered":"<p>Bienvenue \u00e0 la Policlinique Esth\u00e9tique Marigny Vincennes, sp\u00e9cialis\u00e9e dans le meilleur de la m\u00e9decine et de la chirurgie esth\u00e9tique, plastique et reconstructive. Ce centre a \u00e9t\u00e9 cr\u00e9\u00e9 en 2004, en bordure de Paris, afin d&rsquo;offrir une approche multidisciplinaire de l&rsquo;excellence en esth\u00e9tique.<\/p>\n","protected":false},"author":5,"featured_media":0,"parent":0,"menu_order":48,"comment_status":"closed","ping_status":"closed","template":"","meta":[],"acf":[],"yoast_head":"<!-- This site is optimized with the Yoast SEO plugin v18.3 - https:\/\/yoast.com\/wordpress\/plugins\/seo\/ -->\n<title>Clinique sp\u00e9cialis\u00e9e en chirurgie et m\u00e9decine esth\u00e9tique \u00e0 Paris<\/title>\n<meta name=\"description\" content=\"Le Dr Gerbault a cr\u00e9\u00e9 la Policlinique Esth\u00e9tique Marigny Vincennes en 2004 afin d&#039;offrir une approche multidisciplinaire de l&#039;excellence en esth\u00e9tique.\" \/>\n<meta name=\"robots\" content=\"index, follow, max-snippet:-1, max-image-preview:large, max-video-preview:-1\" \/>\n<link rel=\"canonical\" href=\"https:\/\/excellence-esthetique.fr\/fr\/chirurgie-et-medecine-esthetique\/\" \/>\n<meta property=\"og:locale\" content=\"fr_FR\" \/>\n<meta property=\"og:type\" content=\"article\" \/>\n<meta property=\"og:title\" content=\"Clinique sp\u00e9cialis\u00e9e en chirurgie et m\u00e9decine esth\u00e9tique \u00e0 Paris\" \/>\n<meta property=\"og:description\" content=\"Le Dr Gerbault a cr\u00e9\u00e9 la Policlinique Esth\u00e9tique Marigny Vincennes en 2004 afin d&#039;offrir une approche multidisciplinaire de l&#039;excellence en esth\u00e9tique.\" \/>\n<meta property=\"og:url\" content=\"https:\/\/excellence-esthetique.fr\/fr\/chirurgie-et-medecine-esthetique\/\" \/>\n<meta property=\"og:site_name\" content=\"Chirurgien rhinoplastie Paris : Dr Gerbault\" \/>\n<meta property=\"article:publisher\" content=\"https:\/\/www.facebook.com\/Dr.Gerbault\/\" \/>\n<meta property=\"article:modified_time\" content=\"2022-12-09T21:42:30+00:00\" \/>\n<meta property=\"og:image\" content=\"https:\/\/excellence-esthetique.fr\/wp-content\/uploads\/clinique-chirurgie-esthetique-2.jpg\" \/>\n<meta name=\"twitter:card\" content=\"summary_large_image\" \/>\n<meta name=\"twitter:site\" content=\"@Dr_Gerbault\" \/>\n<meta name=\"twitter:label1\" content=\"Dur\u00e9e de lecture estim\u00e9e\" \/>\n\t<meta name=\"twitter:data1\" content=\"4 minutes\" \/>\n<script type=\"application\/ld+json\" class=\"yoast-schema-graph\">{\"@context\":\"https:\/\/schema.org\",\"@graph\":[{\"@type\":[\"Organization\",\"Place\",\"PlasticSurgery\"],\"@id\":\"https:\/\/excellence-esthetique.fr\/fr\/#organization\",\"name\":\"Chirurgien rhinoplastie Paris : Dr Gerbault\",\"url\":\"https:\/\/excellence-esthetique.fr\/fr\/\",\"sameAs\":[\"https:\/\/www.facebook.com\/Dr.Gerbault\/\",\"https:\/\/www.instagram.com\/dr_gerbault_rhinoplastie_paris\/\",\"https:\/\/www.linkedin.com\/in\/oliviergerbault\/\",\"https:\/\/www.youtube.com\/GERBOLIVIER\",\"https:\/\/twitter.com\/Dr_Gerbault\"],\"logo\":{\"@id\":\"https:\/\/excellence-esthetique.fr\/fr\/chirurgie-et-medecine-esthetique\/#local-main-organization-logo\"},\"image\":{\"@id\":\"https:\/\/excellence-esthetique.fr\/fr\/chirurgie-et-medecine-esthetique\/#local-main-organization-logo\"},\"address\":{\"@id\":\"https:\/\/excellence-esthetique.fr\/fr\/chirurgie-et-medecine-esthetique\/#local-main-place-address\"},\"geo\":{\"@type\":\"GeoCoordinates\",\"latitude\":\"48.86772289599891\",\"longitude\":\"2.2794640614090103\"},\"telephone\":[\"+33153663030\"],\"openingHoursSpecification\":{\"@type\":\"OpeningHoursSpecification\",\"dayOfWeek\":[\"Monday\",\"Tuesday\",\"Wednesday\",\"Thursday\",\"Friday\",\"Saturday\",\"Sunday\"],\"opens\":\"00:00\",\"closes\":\"23:59\"},\"areaServed\":\"France\",\"vatID\":\"FR54488777194\",\"taxID\":\"FR54488777194\",\"priceRange\":\"$$$$\"},{\"@type\":\"WebSite\",\"@id\":\"https:\/\/excellence-esthetique.fr\/fr\/#website\",\"url\":\"https:\/\/excellence-esthetique.fr\/fr\/\",\"name\":\"Chirurgien rhinoplastie Paris : Dr Gerbault\",\"description\":\"\",\"publisher\":{\"@id\":\"https:\/\/excellence-esthetique.fr\/fr\/#organization\"},\"potentialAction\":[{\"@type\":\"SearchAction\",\"target\":{\"@type\":\"EntryPoint\",\"urlTemplate\":\"https:\/\/excellence-esthetique.fr\/fr\/?s={search_term_string}\"},\"query-input\":\"required name=search_term_string\"}],\"inLanguage\":\"fr-FR\"},{\"@type\":\"ImageObject\",\"@id\":\"https:\/\/excellence-esthetique.fr\/fr\/chirurgie-et-medecine-esthetique\/#primaryimage\",\"inLanguage\":\"fr-FR\",\"url\":\"https:\/\/excellence-esthetique.fr\/wp-content\/uploads\/clinique-chirurgie-esthetique-2.jpg\",\"contentUrl\":\"https:\/\/excellence-esthetique.fr\/wp-content\/uploads\/clinique-chirurgie-esthetique-2.jpg\",\"width\":730,\"height\":336,\"caption\":\"Policlinique Esth\u00e9tique Marigny Vincennes\"},{\"@type\":[\"WebPage\",\"AboutPage\"],\"@id\":\"https:\/\/excellence-esthetique.fr\/fr\/chirurgie-et-medecine-esthetique\/#webpage\",\"url\":\"https:\/\/excellence-esthetique.fr\/fr\/chirurgie-et-medecine-esthetique\/\",\"name\":\"Clinique sp\u00e9cialis\u00e9e en chirurgie et m\u00e9decine esth\u00e9tique \u00e0 Paris\",\"isPartOf\":{\"@id\":\"https:\/\/excellence-esthetique.fr\/fr\/#website\"},\"primaryImageOfPage\":{\"@id\":\"https:\/\/excellence-esthetique.fr\/fr\/chirurgie-et-medecine-esthetique\/#primaryimage\"},\"datePublished\":\"2017-07-18T09:53:35+00:00\",\"dateModified\":\"2022-12-09T21:42:30+00:00\",\"description\":\"Le Dr Gerbault a cr\u00e9\u00e9 la Policlinique Esth\u00e9tique Marigny Vincennes en 2004 afin d'offrir une approche multidisciplinaire de l'excellence en esth\u00e9tique.\",\"breadcrumb\":{\"@id\":\"https:\/\/excellence-esthetique.fr\/fr\/chirurgie-et-medecine-esthetique\/#breadcrumb\"},\"inLanguage\":\"fr-FR\",\"potentialAction\":[{\"@type\":\"ReadAction\",\"target\":[\"https:\/\/excellence-esthetique.fr\/fr\/chirurgie-et-medecine-esthetique\/\"]}]},{\"@type\":\"BreadcrumbList\",\"@id\":\"https:\/\/excellence-esthetique.fr\/fr\/chirurgie-et-medecine-esthetique\/#breadcrumb\",\"itemListElement\":[{\"@type\":\"ListItem\",\"position\":1,\"name\":\"Chirurgie esth\u00e9tique Paris\",\"item\":\"https:\/\/excellence-esthetique.fr\/fr\"},{\"@type\":\"ListItem\",\"position\":2,\"name\":\"Policlinique Esth\u00e9tique Marigny Vincennes\"}]},{\"@type\":\"PostalAddress\",\"@id\":\"https:\/\/excellence-esthetique.fr\/fr\/chirurgie-et-medecine-esthetique\/#local-main-place-address\",\"streetAddress\":\"138 avenue Victor Hugo\",\"addressLocality\":\"Paris\",\"postalCode\":\"75116\",\"addressCountry\":\"FR\"},{\"@type\":\"ImageObject\",\"@id\":\"https:\/\/excellence-esthetique.fr\/fr\/chirurgie-et-medecine-esthetique\/#local-main-organization-logo\",\"inLanguage\":\"fr-FR\",\"url\":\"https:\/\/excellence-esthetique.fr\/wp-content\/uploads\/logo.jpg\",\"contentUrl\":\"https:\/\/excellence-esthetique.fr\/wp-content\/uploads\/logo.jpg\",\"width\":600,\"height\":334,\"caption\":\"Chirurgien rhinoplastie Paris : Dr Gerbault\"}]}<\/script>\n<meta name=\"geo.placename\" content=\"Paris\" \/>\n<meta name=\"geo.position\" content=\"48.86772289599891;2.2794640614090103\" \/>\n<meta name=\"geo.region\" content=\"France\" \/>\n<!-- \/ Yoast SEO plugin. -->","yoast_head_json":{"title":"Clinique sp\u00e9cialis\u00e9e en chirurgie et m\u00e9decine esth\u00e9tique \u00e0 Paris","description":"Le Dr Gerbault a cr\u00e9\u00e9 la Policlinique Esth\u00e9tique Marigny Vincennes en 2004 afin d'offrir une approche multidisciplinaire de l'excellence en esth\u00e9tique.","robots":{"index":"index","follow":"follow","max-snippet":"max-snippet:-1","max-image-preview":"max-image-preview:large","max-video-preview":"max-video-preview:-1"},"canonical":"https:\/\/excellence-esthetique.fr\/fr\/chirurgie-et-medecine-esthetique\/","og_locale":"fr_FR","og_type":"article","og_title":"Clinique sp\u00e9cialis\u00e9e en chirurgie et m\u00e9decine esth\u00e9tique \u00e0 Paris","og_description":"Le Dr Gerbault a cr\u00e9\u00e9 la Policlinique Esth\u00e9tique Marigny Vincennes en 2004 afin d'offrir une approche multidisciplinaire de l'excellence en esth\u00e9tique.","og_url":"https:\/\/excellence-esthetique.fr\/fr\/chirurgie-et-medecine-esthetique\/","og_site_name":"Chirurgien rhinoplastie Paris : Dr Gerbault","article_publisher":"https:\/\/www.facebook.com\/Dr.Gerbault\/","article_modified_time":"2022-12-09T21:42:30+00:00","og_image":[{"url":"https:\/\/excellence-esthetique.fr\/wp-content\/uploads\/clinique-chirurgie-esthetique-2.jpg"}],"twitter_card":"summary_large_image","twitter_site":"@Dr_Gerbault","twitter_misc":{"Dur\u00e9e de lecture estim\u00e9e":"4 minutes"},"schema":{"@context":"https:\/\/schema.org","@graph":[{"@type":["Organization","Place","PlasticSurgery"],"@id":"https:\/\/excellence-esthetique.fr\/fr\/#organization","name":"Chirurgien rhinoplastie Paris : Dr Gerbault","url":"https:\/\/excellence-esthetique.fr\/fr\/","sameAs":["https:\/\/www.facebook.com\/Dr.Gerbault\/","https:\/\/www.instagram.com\/dr_gerbault_rhinoplastie_paris\/","https:\/\/www.linkedin.com\/in\/oliviergerbault\/","https:\/\/www.youtube.com\/GERBOLIVIER","https:\/\/twitter.com\/Dr_Gerbault"],"logo":{"@id":"https:\/\/excellence-esthetique.fr\/fr\/chirurgie-et-medecine-esthetique\/#local-main-organization-logo"},"image":{"@id":"https:\/\/excellence-esthetique.fr\/fr\/chirurgie-et-medecine-esthetique\/#local-main-organization-logo"},"address":{"@id":"https:\/\/excellence-esthetique.fr\/fr\/chirurgie-et-medecine-esthetique\/#local-main-place-address"},"geo":{"@type":"GeoCoordinates","latitude":"48.86772289599891","longitude":"2.2794640614090103"},"telephone":["+33153663030","+33153663030"],"openingHoursSpecification":{"@type":"OpeningHoursSpecification","dayOfWeek":["Monday","Tuesday","Wednesday","Thursday","Friday","Saturday","Sunday"],"opens":"00:00","closes":"23:59"},"areaServed":"France","vatID":"FR54488777194","taxID":"FR54488777194","priceRange":"$$$$"},{"@type":"WebSite","@id":"https:\/\/excellence-esthetique.fr\/fr\/#website","url":"https:\/\/excellence-esthetique.fr\/fr\/","name":"Chirurgien rhinoplastie Paris : Dr Gerbault","description":"","publisher":{"@id":"https:\/\/excellence-esthetique.fr\/fr\/#organization"},"potentialAction":[{"@type":"SearchAction","target":{"@type":"EntryPoint","urlTemplate":"https:\/\/excellence-esthetique.fr\/fr\/?s={search_term_string}"},"query-input":"required name=search_term_string"}],"inLanguage":"fr-FR"},{"@type":"ImageObject","@id":"https:\/\/excellence-esthetique.fr\/fr\/chirurgie-et-medecine-esthetique\/#primaryimage","inLanguage":"fr-FR","url":"https:\/\/excellence-esthetique.fr\/wp-content\/uploads\/clinique-chirurgie-esthetique-2.jpg","contentUrl":"https:\/\/excellence-esthetique.fr\/wp-content\/uploads\/clinique-chirurgie-esthetique-2.jpg","width":730,"height":336,"caption":"Policlinique Esth\u00e9tique Marigny Vincennes"},{"@type":["WebPage","AboutPage"],"@id":"https:\/\/excellence-esthetique.fr\/fr\/chirurgie-et-medecine-esthetique\/#webpage","url":"https:\/\/excellence-esthetique.fr\/fr\/chirurgie-et-medecine-esthetique\/","name":"Clinique sp\u00e9cialis\u00e9e en chirurgie et m\u00e9decine esth\u00e9tique \u00e0 Paris","isPartOf":{"@id":"https:\/\/excellence-esthetique.fr\/fr\/#website"},"primaryImageOfPage":{"@id":"https:\/\/excellence-esthetique.fr\/fr\/chirurgie-et-medecine-esthetique\/#primaryimage"},"datePublished":"2017-07-18T09:53:35+00:00","dateModified":"2022-12-09T21:42:30+00:00","description":"Le Dr Gerbault a cr\u00e9\u00e9 la Policlinique Esth\u00e9tique Marigny Vincennes en 2004 afin d'offrir une approche multidisciplinaire de l'excellence en esth\u00e9tique.","breadcrumb":{"@id":"https:\/\/excellence-esthetique.fr\/fr\/chirurgie-et-medecine-esthetique\/#breadcrumb"},"inLanguage":"fr-FR","potentialAction":[{"@type":"ReadAction","target":["https:\/\/excellence-esthetique.fr\/fr\/chirurgie-et-medecine-esthetique\/"]}]},{"@type":"BreadcrumbList","@id":"https:\/\/excellence-esthetique.fr\/fr\/chirurgie-et-medecine-esthetique\/#breadcrumb","itemListElement":[{"@type":"ListItem","position":1,"name":"Chirurgie esth\u00e9tique Paris","item":"https:\/\/excellence-esthetique.fr\/fr"},{"@type":"ListItem","position":2,"name":"Policlinique Esth\u00e9tique Marigny Vincennes"}]},{"@type":"PostalAddress","@id":"https:\/\/excellence-esthetique.fr\/fr\/chirurgie-et-medecine-esthetique\/#local-main-place-address","streetAddress":"138 avenue Victor Hugo","addressLocality":"Paris","postalCode":"75116","addressCountry":"FR"},{"@type":"ImageObject","@id":"https:\/\/excellence-esthetique.fr\/fr\/chirurgie-et-medecine-esthetique\/#local-main-organization-logo","inLanguage":"fr-FR","url":"https:\/\/excellence-esthetique.fr\/wp-content\/uploads\/logo.jpg","contentUrl":"https:\/\/excellence-esthetique.fr\/wp-content\/uploads\/logo.jpg","width":600,"height":334,"caption":"Chirurgien rhinoplastie Paris : Dr Gerbault"}]},"geo.placename":"Paris","geo.position":{"lat":"48.86772289599891","long":"2.2794640614090103"},"geo.region":"France"},"_links":{"self":[{"href":"https:\/\/excellence-esthetique.fr\/fr\/wp-json\/wp\/v2\/pages\/3853"}],"collection":[{"href":"https:\/\/excellence-esthetique.fr\/fr\/wp-json\/wp\/v2\/pages"}],"about":[{"href":"https:\/\/excellence-esthetique.fr\/fr\/wp-json\/wp\/v2\/types\/page"}],"author":[{"embeddable":true,"href":"https:\/\/excellence-esthetique.fr\/fr\/wp-json\/wp\/v2\/users\/5"}],"replies":[{"embeddable":true,"href":"https:\/\/excellence-esthetique.fr\/fr\/wp-json\/wp\/v2\/comments?post=3853"}],"version-history":[{"count":4,"href":"https:\/\/excellence-esthetique.fr\/fr\/wp-json\/wp\/v2\/pages\/3853\/revisions"}],"predecessor-version":[{"id":23415,"href":"https:\/\/excellence-esthetique.fr\/fr\/wp-json\/wp\/v2\/pages\/3853\/revisions\/23415"}],"wp:attachment":[{"href":"https:\/\/excellence-esthetique.fr\/fr\/wp-json\/wp\/v2\/media?parent=3853"}],"curies":[{"name":"wp","href":"https:\/\/api.w.org\/{rel}","templated":true}]}}